{"id":2342,"date":"2020-08-20T15:13:22","date_gmt":"2020-08-20T19:13:22","guid":{"rendered":"https:\/\/wogwulaw.com\/home\/"},"modified":"2024-02-13T02:08:07","modified_gmt":"2024-02-13T07:08:07","slug":"home","status":"publish","type":"page","link":"https:\/\/wogwulaw.com\/es\/","title":{"rendered":"Inicio"},"content":{"rendered":"\n\n\t<p>Abogada Lisa Wogwu<\/p>\n<h1>\n\t\tAbogados de inmigraci\u00f3n con experiencia en todo Estados Unidos.\n\t<\/h1>\n\t<p>En Wogwu Law, estamos dedicados a brindar apoyo legal compasivo a inmigrantes en todo el pa\u00eds. Nuestro equipo combina el conocimiento profesional con experiencias personales de inmigraci\u00f3n, lo que garantiza una comprensi\u00f3n profunda de los desaf\u00edos y necesidades \u00fanicos de nuestros clientes.<\/p>\n\t\t\t<a href=\"#contact-us\" target=\"_self\" rel=\"noopener\">\n\t\t\t\t\t\t\tPrograme una consulta\n\t\t\t\t\t<\/a>\n\t\t\t\t<img decoding=\"async\" src=\"https:\/\/wogwulaw.com\/wp-content\/uploads\/2024\/01\/icon-stars.svg\" alt=\"icon-stars\" itemprop=\"image\" height=\"31\" width=\"247\" title=\"icon-stars\" onerror=\"this.style.display='none'\"  \/>\n\t<p><a href=\"https:\/\/search.google.com\/local\/reviews?placeid=ChIJ88yRJhL3rIkR1CBUtErnEKY\" target=\"_blank\" rel=\"noopener\">Ver todas las rese\u00f1as<\/a><\/p>\n<h1>\n\t\t\u00c1reas de Pr\u00e1ctica Profesional\n\t<\/h1>\n\t<p>En Wogwu Law de San Antonio, podemos guiarte h\u00e1bilmente a trav\u00e9s del proceso de inmigraci\u00f3n. En t\u00e9rminos sencillos, te ayudaremos a entender c\u00f3mo funciona la naturalizaci\u00f3n y la ciudadan\u00eda Estadounidense, y los pasos que debes seguir para calificar. Tambi\u00e9n podemos explicarte tus opciones para obtener una Green Card o una visa para un familiar.<\/p>\n\t\t\t\t<a href=\"https:\/\/wogwulaw.com\/deportation-defense\/\" target=\"_self\" itemprop=\"url\" rel=\"noopener\">\n\t\t\t\t<img decoding=\"async\" src=\"https:\/\/wogwulaw.com\/wp-content\/uploads\/2024\/01\/icon-deportation.svg\" alt=\"icon-deportation\" itemprop=\"image\" height=\"66\" width=\"55\" title=\"icon-deportation\" onerror=\"this.style.display='none'\"  \/>\n\t\t\t\t<\/a>\n<h3>\n\t\t<a href=\"https:\/\/wogwulaw.com\/removal-defense-lawyer\/\" title=\"Defensa de Deportaci\u00f3n\" target=\"_self\" rel=\"noopener\">\n\t\tDefensa de Deportaci\u00f3n\n\t\t<\/a>\n\t<\/h3>\n\t\t\t\t<a href=\"https:\/\/wogwulaw.com\/asylum\/\" target=\"_self\" itemprop=\"url\" rel=\"noopener\">\n\t\t\t\t<img decoding=\"async\" src=\"https:\/\/wogwulaw.com\/wp-content\/uploads\/2024\/01\/icon-shield.svg\" alt=\"icon-shield\" itemprop=\"image\" height=\"65\" width=\"50\" title=\"icon-shield\" onerror=\"this.style.display='none'\"  \/>\n\t\t\t\t<\/a>\n<h3>\n\t\t<a href=\"https:\/\/wogwulaw.com\/asylum\/\" title=\"Asilo\" target=\"_self\" rel=\"noopener\">\n\t\tAsilo\n\t\t<\/a>\n\t<\/h3>\n\t\t\t\t<a href=\"https:\/\/wogwulaw.com\/work-permits\/\" target=\"_self\" itemprop=\"url\" rel=\"noopener\">\n\t\t\t\t<img decoding=\"async\" src=\"https:\/\/wogwulaw.com\/wp-content\/uploads\/2024\/01\/icon-checklist.svg\" alt=\"icon-checklist\" itemprop=\"image\" height=\"66\" width=\"44\" title=\"icon-checklist\" onerror=\"this.style.display='none'\"  \/>\n\t\t\t\t<\/a>\n<h3>\n\t\t<a href=\"https:\/\/wogwulaw.com\/work-permits\/\" title=\"Permisos de Trabajo\" target=\"_self\" rel=\"noopener\">\n\t\tPermisos de Trabajo\n\t\t<\/a>\n\t<\/h3>\n\t\t\t\t<a href=\"https:\/\/wogwulaw.com\/vawa-violence-against-women-act-lawyer\/\" target=\"_self\" itemprop=\"url\" rel=\"noopener\">\n\t\t\t\t<img decoding=\"async\" src=\"https:\/\/wogwulaw.com\/wp-content\/uploads\/2024\/01\/icon-violence.svg\" alt=\"icon-violence\" itemprop=\"image\" height=\"64\" width=\"44\" title=\"icon-violence\" onerror=\"this.style.display='none'\"  \/>\n\t\t\t\t<\/a>\n<h3>\n\t\t<a href=\"https:\/\/wogwulaw.com\/vawa-violence-against-women-act-lawyer\/\" title=\"VAWA (Ley de Violencia Contra la Mujer)\" target=\"_self\" rel=\"noopener\">\n\t\tVAWA (Ley de Violencia Contra la Mujer)\n\t\t<\/a>\n\t<\/h3>\n\t\t\t\t<a href=\"https:\/\/wogwulaw.com\/immigration\/green-cards\/\" target=\"_self\" itemprop=\"url\" rel=\"noopener\">\n\t\t\t\t<img decoding=\"async\" src=\"https:\/\/wogwulaw.com\/wp-content\/uploads\/2024\/01\/icon-permit.svg\" alt=\"icon-permit\" itemprop=\"image\" height=\"71\" width=\"71\" title=\"icon-permit\" onerror=\"this.style.display='none'\"  \/>\n\t\t\t\t<\/a>\n<h3>\n\t\t<a href=\"https:\/\/wogwulaw.com\/immigration\/green-cards\/\" title=\"Green Cards y Residencia Permanente\" target=\"_self\" rel=\"noopener\">\n\t\tGreen Cards y Residencia Permanente\n\t\t<\/a>\n\t<\/h3>\n\t\t\t\t<a href=\"https:\/\/wogwulaw.com\/immigration\/cr1-spouse-visa\/\" target=\"_self\" itemprop=\"url\" rel=\"noopener\">\n\t\t\t\t<img decoding=\"async\" src=\"https:\/\/wogwulaw.com\/wp-content\/uploads\/2024\/01\/icon-spouse.svg\" alt=\"icon-spouse\" itemprop=\"image\" height=\"77\" width=\"77\" title=\"icon-spouse\" onerror=\"this.style.display='none'\"  \/>\n\t\t\t\t<\/a>\n<h3>\n\t\t<a href=\"https:\/\/wogwulaw.com\/spousal-visas-cr1\/\" title=\"Visa K-1 para Prometido(a)\" target=\"_self\" rel=\"noopener\">\n\t\tVisa K-1 para Prometido(a)\n\t\t<\/a>\n\t<\/h3>\n\t\t\t\t<a href=\"https:\/\/wogwulaw.com\/immigration\/k1-fiancee-visa\/\" target=\"_self\" itemprop=\"url\" rel=\"noopener\">\n\t\t\t\t<img decoding=\"async\" src=\"https:\/\/wogwulaw.com\/wp-content\/uploads\/2024\/01\/icon-fiance.svg\" alt=\"icon-fiance\" itemprop=\"image\" height=\"77\" width=\"77\" title=\"icon-fiance\" onerror=\"this.style.display='none'\"  \/>\n\t\t\t\t<\/a>\n<h3>\n\t\t<a href=\"https:\/\/wogwulaw.com\/immigration\/k1-fiancee-visa\/\" title=\"Visa CR1 para C\u00f3nyuges\" target=\"_self\" rel=\"noopener\">\n\t\tVisa CR1 para C\u00f3nyuges\n\t\t<\/a>\n\t<\/h3>\n\t\t\t\t<a href=\"https:\/\/wogwulaw.com\/immigration\/citizenship-and-naturalization\/\" target=\"_self\" itemprop=\"url\" rel=\"noopener\">\n\t\t\t\t<img decoding=\"async\" src=\"https:\/\/wogwulaw.com\/wp-content\/uploads\/2024\/01\/icon-doc.svg\" alt=\"icon-doc\" itemprop=\"image\" height=\"64\" width=\"44\" title=\"icon-doc\" onerror=\"this.style.display='none'\"  \/>\n\t\t\t\t<\/a>\n<h3>\n\t\t<a href=\"https:\/\/wogwulaw.com\/immigration\/citizenship-and-naturalization\/\" title=\"Ciudadan\u00eda y Naturalizaci\u00f3n\" target=\"_self\" rel=\"noopener\">\n\t\tCiudadan\u00eda y Naturalizaci\u00f3n\n\t\t<\/a>\n\t<\/h3>\n<h1>\n\t\t\u00bfQu\u00e9 Nos Hace Diferentes?\n\t<\/h1>\n\t<p>\u00abEntiendo que la mayor\u00eda de las personas no pueden costear un abogado, y eso me preocupa. Nuestros precios son moderados y ofrecemos planes de pago para que nuestros servicios sean accesibles. Experimentar\u00e1s nuestro alto nivel de dedicaci\u00f3n al trabajo, ya que te brindaremos toda nuestra atenci\u00f3n, escucharemos atentamente tus necesidades y nos esforzaremos por satisfacerlas. Queremos establecer una relaci\u00f3n de respeto mutuo contigo. Y te trataremos con compasi\u00f3n.\u00bb<\/p>\n\t<p>Abogada Lisa Wogwu<\/p>\n\t\t\t\t<img decoding=\"async\" src=\"https:\/\/wogwulaw.com\/wp-content\/uploads\/2024\/01\/Lisa-Wogwu_09.07.2020-16-1-681x1024.jpg\" alt=\"Lisa Wogwu_09.07.2020-16 (1)\" itemprop=\"image\" height=\"1024\" width=\"681\" title=\"Lisa Wogwu_09.07.2020-16 (1)\" onerror=\"this.style.display='none'\"  \/>\n<h1>\n\t\tTrabajemos Juntos\n\t<\/h1>\n\tEmprende tu camino migratorio con Wogwu Law.<br \/>\nColaboremos para hacer tus sue\u00f1os realidad &#8211; nuestro conocimiento, tu \u00e9xito.\n\t\t\t<a href=\"#contact-us\" target=\"_self\" rel=\"noopener\">\n\t\t\t\t\t\t\tPrograme una Consulta\n\t\t\t\t\t<\/a>\n<h1>\n\t\tTestimonios\n\t<\/h1>\n\t\t\t\t<p>La abogada Wogwu es minuciosa y directa al explicar tus opciones. Habla en un lenguaje cotidiano que puedo entender. Es honesta y es f\u00e1cil hablar con ella, y lo m\u00e1s importante, escucha sin apresurarte. No dudo en confiar en ella para mi ayuda legal.<\/p>\n<p><strong>Debra Quailes<\/strong><\/p>\n\t\t\t\t<p> \u00a1Lisa Wogwu es una superestrella! Ha estado trabajando conmigo durante dos a\u00f1os en mi caso de inmigraci\u00f3n y debo decir que es incre\u00edble. Es una excelente abogada litigante, una redactora excepcional y una defensora ferviente de sus clientes. La he visto esforzarse al m\u00e1ximo para defenderlos con determinaci\u00f3n. Cuando prepara paquetes de documentos para presentar a USCIS o la corte de inmigraci\u00f3n, se toma su tiempo y se asegura de que contengan todo lo necesario y est\u00e9n hechos correctamente. Antes de cada audiencia, revisa la ley para garantizar que sus clientes tengan la mejor defensa posible. Finalmente, antepone la \u00e9tica y su fe a todo, incluso a s\u00ed misma. En conclusi\u00f3n, contratar a Lisa no solo es una buena decisi\u00f3n, \u00a1es la mejor!<\/p>\n<p><strong>John Waldron<\/strong><\/p>\n\t\t\t\t<p>Si est\u00e1s buscando una abogada de Discapacidad compasiva, meticulosa y profesional, te recomiendo ampliamente a la Sra. Wogwu. Despu\u00e9s de a\u00f1os esperando una fecha de audiencia, la Sra. Wogwu me tranquiliz\u00f3 y me prepar\u00f3 sobre qu\u00e9 esperar. Recib\u00ed una decisi\u00f3n totalmente favorable en ese mismo momento.<\/p>\n<p><strong>Lourdes Rodriguez<\/strong><\/p>\n\t\t\t\t<p>Mi primera experiencia con la Sra. Lisa fue fenomenal&#8230; \u00a1encontr\u00e9 una joya! Aunque solo fue una consulta, apreci\u00e9 enormemente su personalidad y conocimiento sobre el proceso de inmigraci\u00f3n. En mi segunda experiencia, nuevamente me brind\u00f3 un excelente servicio de cinco estrellas, superando mis expectativas, y decid\u00ed contratarla&#8230; Estoy agradecido de haber podido contar con su presencia como mi abogada&#8230; Gracias por brindarme la informaci\u00f3n necesaria para tomar una decisi\u00f3n informada&#8230; definitivamente es una abogada de primera categor\u00eda y estoy muy feliz de haberla encontrado.<\/p>\n<p><strong>Sabrina S.<\/strong><\/p>\n\t\t\t\t<p>\u00a1Trabajar con Wogwu Law ha sido incre\u00edble! Primero que nada, quiero destacar que mi abogada Lisa estaba genuinamente preocupada por mi salud y situaci\u00f3n. Nunca me trat\u00f3 solo como otra oportunidad de cobrar un cheque. \u00a1Lucharon a mi lado y siguieron luchando hasta que GANAMOS mi caso de discapacidad! Gracias, Wogwu Law.<\/p>\n<p><strong>Cliente<\/strong><\/p>\n\t\t\t\t<p>Mi historia comenz\u00f3 en el 2006. Les ahorrar\u00e9 los detalles del largo y dif\u00edcil camino que he recorrido, pero s\u00ed quiero expresar mi profundo agradecimiento a mi abogada. Cuando dudaba de mi futuro, ella me asegur\u00f3 que todo saldr\u00eda bien. Es una persona incre\u00edble y solo tengo gratitud hacia ella. Me ayud\u00f3 cuando pens\u00e9 que no ten\u00eda idea de a d\u00f3nde me llevar\u00eda todo el proceso. Fue un \u00e1ngel enviado del cielo y es verdaderamente asombrosa en su profesi\u00f3n. \u00a1Que Dios la bendiga siempre!<\/p>\n<p><strong>Cliente<\/strong><\/p>\n\t\t\t\t<p>Sin duda, el mejor servicio que he recibido de ning\u00fan bufete de abogados. \u00a1Lisa es simplemente incre\u00edble! Estaba muy bien informada y me escuch\u00f3 atentamente respondiendo a todas mis preguntas. Si buscas a alguien que est\u00e9 al tanto de todo, \u00a1llama a Wogwu Law ahora mismo!<\/p>\n<p><strong>Cliente<\/strong><\/p>\n\t\t\t\t<a href=\"#\" aria-label=\"previous\" role=\"button\">\n<\/a>\n\t\t\t\t<a href=\"#\" aria-label=\"next\" role=\"button\">\n<\/a>\n<h1>\n\t\t\u00bfNecesita Representaci\u00f3n Legal?\n\t<\/h1>\n\t<p>Ayudamos a nuestros compa\u00f1eros inmigrantes a obtener su estatus legal para que puedan vivir sin miedo: hazlo bien desde la primera vez con un abogado de inmigraci\u00f3n experimentado. Nuestro equipo representa a clientes de inmigraci\u00f3n que viven en los cincuenta estados y en el extranjero.<\/p>\n\t\t\t<a href=\"https:\/\/calendly.com\/lisawogwu\" target=\"_blank\" rel=\"noopener\">\n\t\t\t\t\t\t\tPrograme una Consulta\n\t\t\t\t\t<\/a>\n\t<p>O Complete el Formulario<\/p>\n\t\n<div class=\"wpcf7 no-js\" id=\"wpcf7-f2363-o1\" lang=\"es-ES\" dir=\"ltr\" data-wpcf7-id=\"2363\">\n<div class=\"screen-reader-response\"><p role=\"status\" aria-live=\"polite\" aria-atomic=\"true\"><\/p> <ul><\/ul><\/div>\n<form action=\"\/es\/wp-json\/wp\/v2\/pages\/2342#wpcf7-f2363-o1\" method=\"post\" class=\"wpcf7-form init\" aria-label=\"Formulario de contacto\" novalidate=\"novalidate\" data-status=\"init\">\n<fieldset class=\"hidden-fields-container\"><input type=\"hidden\" name=\"_wpcf7\" value=\"2363\" \/><input type=\"hidden\" name=\"_wpcf7_version\" value=\"6.1.5\" \/><input type=\"hidden\" name=\"_wpcf7_locale\" value=\"es_ES\" \/><input type=\"hidden\" name=\"_wpcf7_unit_tag\" value=\"wpcf7-f2363-o1\" \/><input type=\"hidden\" name=\"_wpcf7_container_post\" value=\"0\" \/><input type=\"hidden\" name=\"_wpcf7_posted_data_hash\" value=\"\" \/>\n<\/fieldset>\n<p><span class=\"wpcf7-form-control-wrap\" data-name=\"your-name\"><input size=\"40\" maxlength=\"400\" class=\"wpcf7-form-control wpcf7-text wpcf7-validates-as-required\" autocomplete=\"name\" aria-required=\"true\" aria-invalid=\"false\" placeholder=\"Nombre y Apellido\" value=\"\" type=\"text\" name=\"your-name\" \/><\/span><span class=\"wpcf7-form-control-wrap\" data-name=\"your-phone\"><input size=\"40\" maxlength=\"400\" class=\"wpcf7-form-control wpcf7-text wpcf7-validates-as-required\" aria-required=\"true\" aria-invalid=\"false\" placeholder=\"N\u00famero de Tel\u00e9fono\" value=\"\" type=\"text\" name=\"your-phone\" \/><\/span><span class=\"wpcf7-form-control-wrap\" data-name=\"your-email\"><input size=\"40\" maxlength=\"400\" class=\"wpcf7-form-control wpcf7-email wpcf7-validates-as-required wpcf7-text wpcf7-validates-as-email\" autocomplete=\"email\" aria-required=\"true\" aria-invalid=\"false\" placeholder=\"Correo Electr\u00f3nico\" value=\"\" type=\"email\" name=\"your-email\" \/><\/span><span class=\"wpcf7-form-control-wrap\" data-name=\"your-message\"><textarea cols=\"40\" rows=\"10\" maxlength=\"2000\" class=\"wpcf7-form-control wpcf7-textarea wpcf7-validates-as-required\" aria-required=\"true\" aria-invalid=\"false\" placeholder=\"Ind\u00edquenos, por favor, cu\u00e1l es el tema que desea tratar.\" name=\"your-message\"><\/textarea><\/span><input class=\"wpcf7-form-control wpcf7-submit has-spinner\" type=\"submit\" value=\"Enviar\" \/>\n<\/p><p style=\"display: none !important;\" class=\"akismet-fields-container\" data-prefix=\"_wpcf7_ak_\"><label>&#916;<textarea name=\"_wpcf7_ak_hp_textarea\" cols=\"45\" rows=\"8\" maxlength=\"100\"><\/textarea><\/label><input type=\"hidden\" id=\"ak_js_1\" name=\"_wpcf7_ak_js\" value=\"25\"\/><script>\ndocument.getElementById( \"ak_js_1\" ).setAttribute( \"value\", ( new Date() ).getTime() );\n<\/script>\n<\/p><input type='hidden' class='wpcf7-pum' value='{\"closepopup\":false,\"closedelay\":0,\"openpopup\":false,\"openpopup_id\":0}' \/><div class=\"wpcf7-response-output\" aria-hidden=\"true\"><\/div>\n<\/form>\n<\/div>\n\n\n","protected":false},"excerpt":{"rendered":"<p>Abogada Lisa Wogwu Abogados de inmigraci\u00f3n con experiencia en todo Estados Unidos. En Wogwu Law, estamos dedicados a brindar apoyo legal compasivo a inmigrantes en todo el pa\u00eds. Nuestro equipo combina el conocimiento profesional con experiencias personales de inmigraci\u00f3n, lo que garantiza una comprensi\u00f3n profunda de los desaf\u00edos y necesidades \u00fanicos de nuestros clientes. Programe&hellip;<\/p>\n","protected":false},"author":2,"featured_media":0,"parent":0,"menu_order":0,"comment_status":"closed","ping_status":"closed","template":"","meta":{"inline_featured_image":false,"footnotes":""},"class_list":["post-2342","page","type-page","status-publish","hentry"],"_links":{"self":[{"href":"https:\/\/wogwulaw.com\/es\/wp-json\/wp\/v2\/pages\/2342","targetHints":{"allow":["GET"]}}],"collection":[{"href":"https:\/\/wogwulaw.com\/es\/wp-json\/wp\/v2\/pages"}],"about":[{"href":"https:\/\/wogwulaw.com\/es\/wp-json\/wp\/v2\/types\/page"}],"author":[{"embeddable":true,"href":"https:\/\/wogwulaw.com\/es\/wp-json\/wp\/v2\/users\/2"}],"replies":[{"embeddable":true,"href":"https:\/\/wogwulaw.com\/es\/wp-json\/wp\/v2\/comments?post=2342"}],"version-history":[{"count":0,"href":"https:\/\/wogwulaw.com\/es\/wp-json\/wp\/v2\/pages\/2342\/revisions"}],"wp:attachment":[{"href":"https:\/\/wogwulaw.com\/es\/wp-json\/wp\/v2\/media?parent=2342"}],"curies":[{"name":"wp","href":"https:\/\/api.w.org\/{rel}","templated":true}]}}