{"id":2343,"date":"2020-08-24T01:39:03","date_gmt":"2020-08-24T05:39:03","guid":{"rendered":"https:\/\/wogwulaw.com\/attorney-lisa-wogwu\/"},"modified":"2024-02-15T02:32:51","modified_gmt":"2024-02-15T07:32:51","slug":"abogada-lisa-christopher-wogwu","status":"publish","type":"page","link":"https:\/\/wogwulaw.com\/es\/abogada-lisa-christopher-wogwu\/","title":{"rendered":"Conoce a La Abogada Lisa Christopher Wogwu"},"content":{"rendered":"\n\n\t\t\t\t<img decoding=\"async\" src=\"https:\/\/wogwulaw.com\/wp-content\/uploads\/2024\/01\/Lisa-Wogwu_09.07.2020-16-1-681x1024.jpg\" alt=\"Lisa Wogwu_09.07.2020-16 (1)\" itemprop=\"image\" height=\"1024\" width=\"681\" title=\"Lisa Wogwu_09.07.2020-16 (1)\" onerror=\"this.style.display='none'\"  \/>\n\t\t\t\t<img decoding=\"async\" src=\"https:\/\/wogwulaw.com\/wp-content\/uploads\/2024\/01\/aila-logo.png\" alt=\"aila-logo\" itemprop=\"image\" height=\"160\" width=\"158\" title=\"aila-logo\" onerror=\"this.style.display='none'\"  \/>\n<h1>\n\t\tLa Abogada Lisa Christopher Wogwu &#8211; Abriendo camino con excelencia y compasi\u00f3n\n\t<\/h1>\n\t<p>La abogada Lisa Christopher Wogwu, fundadora y principal abogada de Wogwu Law, PLLC, aporta una vasta experiencia legal y un enfoque compasivo a su pr\u00e1ctica. Habiendo obtenido su Juris Doctor en la Facultad de Derecho de la Universidad Hofstra en el 2000, la abogada Wogwu est\u00e1 admitida para ejercer en m\u00faltiples jurisdicciones, incluidos los estados de Nueva York y Carolina del Norte, y los Tribunales de Distrito de los Estados Unidos para los Distritos Este, Sur y Norte de Nueva York, y los Distritos Este, Medio y Oeste de Carolina del Norte.<\/p>\n<p>La carrera legal post-graduaci\u00f3n de la abogada Wogwu abarc\u00f3 una variedad de roles en Nueva York, donde perfeccion\u00f3 sus habilidades en derecho de construcci\u00f3n, negligencia m\u00e9dica, responsabilidad profesional de dise\u00f1o, defensa de lesiones personales y litigios sin culpa. Esta amplia experiencia en diferentes \u00e1reas del derecho sent\u00f3 una s\u00f3lida base para su pr\u00e1ctica actual. Al mudarse a Texas, Wogwu enfoc\u00f3 su pr\u00e1ctica principalmente en derecho migratorio, lo que refleja su profunda conexi\u00f3n personal con este campo, estando casada con el abogado nigeriano Christopher C. Wogwu, quien actualmente se prepara para ejercer su profesi\u00f3n legal en los Estados Unidos. Este aspecto personal de su vida ha influido en gran medida su dedicaci\u00f3n profesional al derecho migratorio.<\/p>\n<p>La formaci\u00f3n acad\u00e9mica de la abogada Wogwu incluye un Juris Doctor de la Facultad de Derecho de la Universidad Hofstra (2000) y una Licenciatura en Artes de Rutgers, The State University of NJ (1996), lo que la equipa con una comprensi\u00f3n integral del panorama legal. Como miembro de diversas asociaciones profesionales, incluida la Asociaci\u00f3n de Abogados de Carolina del Norte, la Asociaci\u00f3n de Abogados del Condado de Wake, el Colegio de Abogados del D\u00e9cimo Distrito Judicial y la Asociaci\u00f3n Estadounidense de Abogados de Inmigraci\u00f3n, Wogwu permanece activamente comprometida con la comunidad legal.<\/p>\n<p>El compromiso de la abogada Wogwu se extiende m\u00e1s all\u00e1 de sus roles profesionales, ya que participa activamente en el servicio comunitario, lo que refleja su dedicaci\u00f3n a la justicia social y el servicio p\u00fablico. Reside en San Antonio con su esposo, su pr\u00e1ctica est\u00e1 profundamente impregnada de un toque personal y un compromiso con la representaci\u00f3n legal emp\u00e1tica. Su enfoque a cada caso es personalizado e individualizado, asegurando que la historia de cada cliente sea escuchada y representada con el m\u00e1ximo cuidado y competencia.<\/p>\n<p>La abogada Lisa Christopher Wogwu en Wogwu Law es un testimonio de una carrera dedicada tanto a la excelencia en la pr\u00e1ctica legal como a un sincero compromiso de servir a quienes necesitan asistencia legal. Sus diversas experiencias, combinadas con una comprensi\u00f3n personal de las complejidades de la inmigraci\u00f3n, la convierten en una invaluable defensora de sus clientes. Para aquellos que buscan una representaci\u00f3n legal compasiva y capacitada, especialmente en derecho migratorio, Wogwu Law ofrece una asociaci\u00f3n basada en la experiencia, la empat\u00eda y la dedicaci\u00f3n inquebrantable.<\/p>\n<h2>\n\t\tEducaci\u00f3n\n\t<\/h2>\n\t<ul>\n<li>J.D., Hofstra University School of Law, 2000<\/li>\n<li>B.A., Rutgers, The State University of NJ 1996<\/li>\n<\/ul>\n<h2>\n\t\tAdmisiones al Colegio de Abogados\n\t<\/h2>\n\t<ul>\n<li>New York, 2001<\/li>\n<li>North Carolina, 2006<\/li>\n<li>United States District Court of the Eastern, Southern and Northern Districts of New York, 2001<\/li>\n<li>United States District Court of the Eastern, Middle and Western Districts of North Carolina, 2007<\/li>\n<\/ul>\n<h2>\n\t\tAfiliaciones profesionales actuales y pasadas\n\t<\/h2>\n\t<ul>\n<li>North Carolina Bar Association<\/li>\n<li>Wake County Bar Association<\/li>\n<li>Tenth Judicial District BarAmerican Immigration Lawyers Association<\/li>\n<\/ul>\n<h1>\n\t\t\u00bfNecesita Representaci\u00f3n Legal?\n\t<\/h1>\n\t<p>Ayudamos a nuestros compa\u00f1eros inmigrantes a obtener su estatus legal para que puedan vivir sin miedo: hazlo bien desde la primera vez con un abogado de inmigraci\u00f3n experimentado. Nuestro equipo representa a clientes de inmigraci\u00f3n que viven en los cincuenta estados y en el extranjero.<\/p>\n\t\t\t<a href=\"https:\/\/calendly.com\/lisawogwu\" target=\"_blank\" rel=\"noopener\">\n\t\t\t\t\t\t\tPrograme una Consulta\n\t\t\t\t\t<\/a>\n\t<p>O Complete el Formulario<\/p>\n\t\n<div class=\"wpcf7 no-js\" id=\"wpcf7-f2363-o1\" lang=\"es-ES\" dir=\"ltr\" data-wpcf7-id=\"2363\">\n<div class=\"screen-reader-response\"><p role=\"status\" aria-live=\"polite\" aria-atomic=\"true\"><\/p> <ul><\/ul><\/div>\n<form action=\"\/es\/wp-json\/wp\/v2\/pages\/2343#wpcf7-f2363-o1\" method=\"post\" class=\"wpcf7-form init\" aria-label=\"Formulario de contacto\" novalidate=\"novalidate\" data-status=\"init\">\n<fieldset class=\"hidden-fields-container\"><input type=\"hidden\" name=\"_wpcf7\" value=\"2363\" \/><input type=\"hidden\" name=\"_wpcf7_version\" value=\"6.1.5\" \/><input type=\"hidden\" name=\"_wpcf7_locale\" value=\"es_ES\" \/><input type=\"hidden\" name=\"_wpcf7_unit_tag\" value=\"wpcf7-f2363-o1\" \/><input type=\"hidden\" name=\"_wpcf7_container_post\" value=\"0\" \/><input type=\"hidden\" name=\"_wpcf7_posted_data_hash\" value=\"\" \/>\n<\/fieldset>\n<p><span class=\"wpcf7-form-control-wrap\" data-name=\"your-name\"><input size=\"40\" maxlength=\"400\" class=\"wpcf7-form-control wpcf7-text wpcf7-validates-as-required\" autocomplete=\"name\" aria-required=\"true\" aria-invalid=\"false\" placeholder=\"Nombre y Apellido\" value=\"\" type=\"text\" name=\"your-name\" \/><\/span><span class=\"wpcf7-form-control-wrap\" data-name=\"your-phone\"><input size=\"40\" maxlength=\"400\" class=\"wpcf7-form-control wpcf7-text wpcf7-validates-as-required\" aria-required=\"true\" aria-invalid=\"false\" placeholder=\"N\u00famero de Tel\u00e9fono\" value=\"\" type=\"text\" name=\"your-phone\" \/><\/span><span class=\"wpcf7-form-control-wrap\" data-name=\"your-email\"><input size=\"40\" maxlength=\"400\" class=\"wpcf7-form-control wpcf7-email wpcf7-validates-as-required wpcf7-text wpcf7-validates-as-email\" autocomplete=\"email\" aria-required=\"true\" aria-invalid=\"false\" placeholder=\"Correo Electr\u00f3nico\" value=\"\" type=\"email\" name=\"your-email\" \/><\/span><span class=\"wpcf7-form-control-wrap\" data-name=\"your-message\"><textarea cols=\"40\" rows=\"10\" maxlength=\"2000\" class=\"wpcf7-form-control wpcf7-textarea wpcf7-validates-as-required\" aria-required=\"true\" aria-invalid=\"false\" placeholder=\"Ind\u00edquenos, por favor, cu\u00e1l es el tema que desea tratar.\" name=\"your-message\"><\/textarea><\/span><input class=\"wpcf7-form-control wpcf7-submit has-spinner\" type=\"submit\" value=\"Enviar\" \/>\n<\/p><p style=\"display: none !important;\" class=\"akismet-fields-container\" data-prefix=\"_wpcf7_ak_\"><label>&#916;<textarea name=\"_wpcf7_ak_hp_textarea\" cols=\"45\" rows=\"8\" maxlength=\"100\"><\/textarea><\/label><input type=\"hidden\" id=\"ak_js_1\" name=\"_wpcf7_ak_js\" value=\"231\"\/><script>document.getElementById( \"ak_js_1\" ).setAttribute( \"value\", ( new Date() ).getTime() );<\/script><\/p><input type='hidden' class='wpcf7-pum' value='{\"closepopup\":false,\"closedelay\":0,\"openpopup\":false,\"openpopup_id\":0}' \/><div class=\"wpcf7-response-output\" aria-hidden=\"true\"><\/div>\n<\/form>\n<\/div>\n\n\n","protected":false},"excerpt":{"rendered":"<p>La Abogada Lisa Christopher Wogwu &#8211; Abriendo camino con excelencia y compasi\u00f3n La abogada Lisa Christopher Wogwu, fundadora y principal abogada de Wogwu Law, PLLC, aporta una vasta experiencia legal y un enfoque compasivo a su pr\u00e1ctica. Habiendo obtenido su Juris Doctor en la Facultad de Derecho de la Universidad Hofstra en el 2000, la&hellip;<\/p>\n","protected":false},"author":2,"featured_media":0,"parent":0,"menu_order":0,"comment_status":"closed","ping_status":"closed","template":"","meta":{"inline_featured_image":false,"footnotes":""},"class_list":["post-2343","page","type-page","status-publish","hentry"],"_links":{"self":[{"href":"https:\/\/wogwulaw.com\/es\/wp-json\/wp\/v2\/pages\/2343","targetHints":{"allow":["GET"]}}],"collection":[{"href":"https:\/\/wogwulaw.com\/es\/wp-json\/wp\/v2\/pages"}],"about":[{"href":"https:\/\/wogwulaw.com\/es\/wp-json\/wp\/v2\/types\/page"}],"author":[{"embeddable":true,"href":"https:\/\/wogwulaw.com\/es\/wp-json\/wp\/v2\/users\/2"}],"replies":[{"embeddable":true,"href":"https:\/\/wogwulaw.com\/es\/wp-json\/wp\/v2\/comments?post=2343"}],"version-history":[{"count":0,"href":"https:\/\/wogwulaw.com\/es\/wp-json\/wp\/v2\/pages\/2343\/revisions"}],"wp:attachment":[{"href":"https:\/\/wogwulaw.com\/es\/wp-json\/wp\/v2\/media?parent=2343"}],"curies":[{"name":"wp","href":"https:\/\/api.w.org\/{rel}","templated":true}]}}