{"id":2344,"date":"2021-07-20T10:52:04","date_gmt":"2021-07-20T14:52:04","guid":{"rendered":"https:\/\/wogwulaw.com\/immigration\/"},"modified":"2024-02-15T02:36:51","modified_gmt":"2024-02-15T07:36:51","slug":"abogados-de-inmigracion","status":"publish","type":"page","link":"https:\/\/wogwulaw.com\/es\/abogados-de-inmigracion\/","title":{"rendered":"Abogados de Inmigraci\u00f3n"},"content":{"rendered":"\r\n<p><img decoding=\"async\" src=\"https:\/\/wogwulaw.com\/wp-content\/uploads\/2021\/07\/immigration-lawyer-raleigh-nc-wogwu.jpg\" alt=\"Group of diverse men and women smileing - for immigration information from Wogwu Law of Raleigh , NC\" width=\"362\" height=\"500\" \/><\/p>\r\n<h1>Abogados de Inmigraci\u00f3n en San Antonio<\/h1>\r\n<p>Wogwu Law en San Antonio, puede guiarlo h\u00e1bilmente a trav\u00e9s del proceso de inmigraci\u00f3n. En t\u00e9rminos simples, lo ayudaremos a comprender c\u00f3mo funcionan la naturalizaci\u00f3n y la ciudadan\u00eda estadounidense y los pasos que debe seguir para calificar. Y podemos explicar sus opciones para obtener una Green Card o una visa para un miembro de la familia.<\/p>\r\n<h2>Ciudadan\u00eda y Naturalizaci\u00f3n<\/h2>\r\n<p>La ciudadan\u00eda estadounidense es un estatus que le otorga el derecho a permanecer en los Estados Unidos. Usted es autom\u00e1ticamente ciudadano estadounidense si naci\u00f3 en el pa\u00eds. O, si es menor de 18 a\u00f1os y naci\u00f3 en otro pa\u00eds, puede ser elegible para la ciudadan\u00eda si al menos uno de sus padres o tutores legales es ciudadano estadounidense. Pero si usted es un residente permanente legal de los EE. UU. y necesita solicitar la ciudadan\u00eda, Wogwu Law de San Antonio puede ayudarlo a determinar si actualmente es elegible para la naturalizaci\u00f3n.<\/p>\r\n<h2>\u00bfQu\u00e9 es la Naturalizaci\u00f3n?<\/h2>\r\n<p>La naturalizaci\u00f3n es el proceso de cambiar su estado de residente permanente legal (titular de una Green Card) a ciudadano de los Estados Unidos. Puede ser elegible para solicitar la naturalizaci\u00f3n si:<\/p>\r\n<ul>\r\n<li aria-level=\"1\">Tiene al menos 18 a\u00f1os.<\/li>\r\n<li aria-level=\"1\">Ha sido residente permanente de los Estados Unidos (Green Card) durante al menos cinco a\u00f1os o ha estado casado con un ciudadano estadounidense durante al menos tres a\u00f1os.<\/li>\r\n<li aria-level=\"1\">Puede demostrar que ha vivido f\u00edsicamente en los Estados Unidos durante al menos la mitad del tiempo de su estado de residencia permanente o matrimonio.<\/li>\r\n<li aria-level=\"1\">Ha vivido en el mismo estado de los Estados Unidos durante al menos tres meses antes de presentar la solicitud.<\/li>\r\n<li aria-level=\"1\">Es un miembro responsable de su comunidad.<\/li>\r\n<li aria-level=\"1\">Puede aprobar un breve examen sobre la historia y el gobierno de los Estados Unidos.<\/li>\r\n<\/ul>\r\n<p>Para obtener m\u00e1s detalles, lea nuestra p\u00e1gina de <a href=\"https:\/\/wogwulaw.com\/immigration\/citizenship-and-naturalization\/\">ciudadan\u00eda y naturalizaci\u00f3n<\/a>.<\/p>\r\n<p><img decoding=\"async\" src=\"https:\/\/wogwulaw.com\/wp-content\/uploads\/2021\/07\/immigration-lawyer-raleigh-nc.jpg\" alt=\"Senior African couple and younger woman looking at a photo - for information on immigration law\" width=\"530\" height=\"413\" \/><\/p>\r\n<h2>Green Card &#8211; Residencia Permanente en Estados Unidos<\/h2>\r\n<p>Una Green Card, o Tarjeta de Residente Permanente, le permite vivir y trabajar en los Estados Unidos de forma permanente. Wogwu Law puede determinar si las leyes de inmigraci\u00f3n de los Estados Unidos le permiten solicitar la residencia permanente. Y si usted es elegible, le guiaremos a trav\u00e9s del proceso de ajuste de estatus, el proceso de solicitud.<\/p>\r\n<p>Puede cumplir con los requisitos para solicitar la Tarjeta Verde a trav\u00e9s de una de estas categor\u00edas:<\/p>\r\n<ul>\r\n<li aria-level=\"1\">Empleo<\/li>\r\n<li aria-level=\"1\">Familia<\/li>\r\n<li aria-level=\"1\">V\u00edctimas de trata de personas y delitos<\/li>\r\n<li aria-level=\"1\">Estatus de refugiado o asilado<\/li>\r\n<li aria-level=\"1\">Registro<\/li>\r\n<li aria-level=\"1\">Inmigrante especial<\/li>\r\n<li aria-level=\"1\">V\u00edctimas de abuso<\/li>\r\n<li aria-level=\"1\">Otras categor\u00edas<\/li>\r\n<\/ul>\r\n<p>Puede encontrar detalles sobre la residencia permanente en los Estados Unidos en nuestra p\u00e1gina de <a href=\"https:\/\/wogwulaw.com\/immigration\/green-cards\/\">Green Cards<\/a>.<\/p>\r\n<h2>Visas Familiares<\/h2>\r\n<p>Si usted es ciudadano estadounidense, puede solicitar una visa CR1 para su c\u00f3nyuge o hijo. Si est\u00e1 comprometido, la ley puede permitirle solicitar una visa K-1 para su prometido(a).<\/p>\r\n<p>Las peticiones de visa CR1 se aplican a:<\/p>\r\n<ul>\r\n<li aria-level=\"1\">Su c\u00f3nyuge<\/li>\r\n<li aria-level=\"1\">Los hijos solteros de su c\u00f3nyuge, menores de 21 a\u00f1os Para m\u00e1s detalles, lea nuestra p\u00e1gina sobre la visa CR1 para c\u00f3nyuges.<\/li>\r\n<\/ul>\r\n<p>Las peticiones de visa K-1 para prometidos(as) se aplican a:<\/p>\r\n<ul>\r\n<li aria-level=\"1\">Su prometido(a) que reside fuera de los Estados Unidos<\/li>\r\n<li aria-level=\"1\">Los hijos solteros del prometido(a), menores de 21 a\u00f1os Para m\u00e1s detalles, lea nuestra p\u00e1gina sobre la visa K-1 para prometidos(as).<\/li>\r\n<\/ul>\r\n<p>Lea nuestra pagina de <a href=\"https:\/\/wogwulaw.com\/immigration\/k1-fiancee-visa\/\">K-1 para prometidos(as)<\/a> para mayores detalles.<\/p>\r\n<h1>\u00bfNecesita Representaci\u00f3n Legal?<\/h1>\r\n<p>Ayudamos a nuestros compa\u00f1eros inmigrantes a obtener su estatus legal para que puedan vivir sin miedo: hazlo bien desde la primera vez con un abogado de inmigraci\u00f3n experimentado. Nuestro equipo representa a clientes de inmigraci\u00f3n que viven en los cincuenta estados y en el extranjero.<\/p>\r\n<p><a href=\"https:\/\/calendly.com\/lisawogwu\" target=\"_blank\" rel=\"noopener\"> Programe una Consulta <\/a><\/p>\r\n<p>O Complete el Formulario<\/p>\r\n\n<div class=\"wpcf7 no-js\" id=\"wpcf7-f2363-o1\" lang=\"es-ES\" dir=\"ltr\" data-wpcf7-id=\"2363\">\n<div class=\"screen-reader-response\"><p role=\"status\" aria-live=\"polite\" aria-atomic=\"true\"><\/p> <ul><\/ul><\/div>\n<form action=\"\/es\/wp-json\/wp\/v2\/pages\/2344#wpcf7-f2363-o1\" method=\"post\" class=\"wpcf7-form init\" aria-label=\"Formulario de contacto\" novalidate=\"novalidate\" data-status=\"init\">\n<fieldset class=\"hidden-fields-container\"><input type=\"hidden\" name=\"_wpcf7\" value=\"2363\" \/><input type=\"hidden\" name=\"_wpcf7_version\" value=\"6.1.5\" \/><input type=\"hidden\" name=\"_wpcf7_locale\" value=\"es_ES\" \/><input type=\"hidden\" name=\"_wpcf7_unit_tag\" value=\"wpcf7-f2363-o1\" \/><input type=\"hidden\" name=\"_wpcf7_container_post\" value=\"0\" \/><input type=\"hidden\" name=\"_wpcf7_posted_data_hash\" value=\"\" \/>\n<\/fieldset>\n<p><span class=\"wpcf7-form-control-wrap\" data-name=\"your-name\"><input size=\"40\" maxlength=\"400\" class=\"wpcf7-form-control wpcf7-text wpcf7-validates-as-required\" autocomplete=\"name\" aria-required=\"true\" aria-invalid=\"false\" placeholder=\"Nombre y Apellido\" value=\"\" type=\"text\" name=\"your-name\" \/><\/span><span class=\"wpcf7-form-control-wrap\" data-name=\"your-phone\"><input size=\"40\" maxlength=\"400\" class=\"wpcf7-form-control wpcf7-text wpcf7-validates-as-required\" aria-required=\"true\" aria-invalid=\"false\" placeholder=\"N\u00famero de Tel\u00e9fono\" value=\"\" type=\"text\" name=\"your-phone\" \/><\/span><span class=\"wpcf7-form-control-wrap\" data-name=\"your-email\"><input size=\"40\" maxlength=\"400\" class=\"wpcf7-form-control wpcf7-email wpcf7-validates-as-required wpcf7-text wpcf7-validates-as-email\" autocomplete=\"email\" aria-required=\"true\" aria-invalid=\"false\" placeholder=\"Correo Electr\u00f3nico\" value=\"\" type=\"email\" name=\"your-email\" \/><\/span><span class=\"wpcf7-form-control-wrap\" data-name=\"your-message\"><textarea cols=\"40\" rows=\"10\" maxlength=\"2000\" class=\"wpcf7-form-control wpcf7-textarea wpcf7-validates-as-required\" aria-required=\"true\" aria-invalid=\"false\" placeholder=\"Ind\u00edquenos, por favor, cu\u00e1l es el tema que desea tratar.\" name=\"your-message\"><\/textarea><\/span><input class=\"wpcf7-form-control wpcf7-submit has-spinner\" type=\"submit\" value=\"Enviar\" \/>\n<\/p><p style=\"display: none !important;\" class=\"akismet-fields-container\" data-prefix=\"_wpcf7_ak_\"><label>&#916;<textarea name=\"_wpcf7_ak_hp_textarea\" cols=\"45\" rows=\"8\" maxlength=\"100\"><\/textarea><\/label><input type=\"hidden\" id=\"ak_js_1\" name=\"_wpcf7_ak_js\" value=\"121\"\/><script>document.getElementById( \"ak_js_1\" ).setAttribute( \"value\", ( new Date() ).getTime() );<\/script><\/p><input type='hidden' class='wpcf7-pum' value='{\"closepopup\":false,\"closedelay\":0,\"openpopup\":false,\"openpopup_id\":0}' \/><div class=\"wpcf7-response-output\" aria-hidden=\"true\"><\/div>\n<\/form>\n<\/div>\n\r\n","protected":false},"excerpt":{"rendered":"<p>Abogados de Inmigraci\u00f3n en San Antonio Wogwu Law en San Antonio, puede guiarlo h\u00e1bilmente a trav\u00e9s del proceso de inmigraci\u00f3n. En t\u00e9rminos simples, lo ayudaremos a comprender c\u00f3mo funcionan la naturalizaci\u00f3n y la ciudadan\u00eda estadounidense y los pasos que debe seguir para calificar. Y podemos explicar sus opciones para obtener una Green Card o una&hellip;<\/p>\n","protected":false},"author":2,"featured_media":0,"parent":0,"menu_order":0,"comment_status":"closed","ping_status":"closed","template":"","meta":{"inline_featured_image":false,"footnotes":""},"class_list":["post-2344","page","type-page","status-publish","hentry"],"_links":{"self":[{"href":"https:\/\/wogwulaw.com\/es\/wp-json\/wp\/v2\/pages\/2344","targetHints":{"allow":["GET"]}}],"collection":[{"href":"https:\/\/wogwulaw.com\/es\/wp-json\/wp\/v2\/pages"}],"about":[{"href":"https:\/\/wogwulaw.com\/es\/wp-json\/wp\/v2\/types\/page"}],"author":[{"embeddable":true,"href":"https:\/\/wogwulaw.com\/es\/wp-json\/wp\/v2\/users\/2"}],"replies":[{"embeddable":true,"href":"https:\/\/wogwulaw.com\/es\/wp-json\/wp\/v2\/comments?post=2344"}],"version-history":[{"count":0,"href":"https:\/\/wogwulaw.com\/es\/wp-json\/wp\/v2\/pages\/2344\/revisions"}],"wp:attachment":[{"href":"https:\/\/wogwulaw.com\/es\/wp-json\/wp\/v2\/media?parent=2344"}],"curies":[{"name":"wp","href":"https:\/\/api.w.org\/{rel}","templated":true}]}}