{"id":2399,"date":"2024-01-30T21:39:48","date_gmt":"2024-01-31T02:39:48","guid":{"rendered":"https:\/\/wogwulaw.com\/removal-defense-lawyer\/"},"modified":"2024-02-29T19:25:48","modified_gmt":"2024-03-01T00:25:48","slug":"defensa-contra-la-deportacion","status":"publish","type":"page","link":"https:\/\/wogwulaw.com\/es\/defensa-contra-la-deportacion\/","title":{"rendered":"Defensa Contra La Deportaci\u00f3n"},"content":{"rendered":"\n\n\t\t\t\t<img decoding=\"async\" src=\"https:\/\/wogwulaw.com\/wp-content\/uploads\/2024\/01\/deportation-defense-1.jpeg\" alt=\"deportation defense 1\" itemprop=\"image\" height=\"987\" width=\"1480\" title=\"deportation defense 1\" onerror=\"this.style.display='none'\"  \/>\n<h1>\n\t\tDefensa Contra La Deportaci\u00f3n\n\t<\/h1>\n<h3>\n\t\tAbogada de Inmigraci\u00f3n en San Antonio, Lisa Wogwu\n\t<\/h3>\n\t<p>En Wogwu Law, entendemos los desaf\u00edos e incertidumbres que atraviesan las personas cuando se enfrentan a procedimientos de deportaci\u00f3n en los Estados Unidos. Como bufete de abogados de inmigraci\u00f3n con experiencia, estamos comprometidos a representar a clientes a nivel mundial que planean emigrar a los Estados Unidos. Nuestro enfoque es brindar asesoramiento legal profesional y accesible, haciendo que los asuntos migratorios complejos sean comprensibles y manejables para nuestros clientes.<\/p>\n<h2>\n\t\t\u00bfPor Qu\u00e9 Elegir a Wogwu Law para su Defensa contra la Deportaci\u00f3n?\n\t<\/h2>\n\t<p>Elegir al abogado adecuado es crucial cuando se enfrenta a un proceso de deportaci\u00f3n. En Wogwu Law, tenemos un fuerte compromiso con la protecci\u00f3n de los derechos de nuestros clientes. Nuestro equipo, dirigido por la Abogada Wogwu, trabaja diligentemente para brindar estrategias legales personalizadas adaptadas a la situaci\u00f3n \u00fanica de cada cliente. Creemos en la comunicaci\u00f3n clara, explicando las opciones legales sin jerga y asegur\u00e1ndonos de que est\u00e9 informado en cada paso del camino.<\/p>\n<h2>\n\t\tMotivos Comunes de Deportaci\u00f3n de los Estados Unidos\n\t<\/h2>\n\t<p>Entender las razones que pueden llevar a la deportaci\u00f3n es vital para cualquiera que se enfrente a las complejidades de la ley de inmigraci\u00f3n estadounidense. Estos motivos incluyen:<\/p>\n<ul>\n<li>Incumplimiento de los t\u00e9rminos de una visa.<\/li>\n<li>Fraude matrimonial.<\/li>\n<li>Proporcionar informaci\u00f3n o documentaci\u00f3n falsa en una solicitud de inmigraci\u00f3n.<\/li>\n<li>Arresto, acusaci\u00f3n o condena por un delito.<\/li>\n<li>Ingresar a los Estados Unidos sin inspecci\u00f3n.<\/li>\n<li>Permanecer m\u00e1s tiempo del permitido con una visa.<\/li>\n<li>Violar una orden de protecci\u00f3n.<\/li>\n<\/ul>\n<h2>\n\t\tEl Proceso de Defensa contra la Deportaci\u00f3n\n\t<\/h2>\n\t<p>Atravesar el proceso de defensa contra la deportaci\u00f3n puede ser desalentador. Guiamos a nuestros clientes a trav\u00e9s de cada etapa, desde el Aviso de Comparecencia (NTA) hasta las audiencias judiciales y posibles apelaciones. Nuestro objetivo es garantizar que est\u00e9 preparado y confiado en cada paso, brindando una representaci\u00f3n que defienda sus mejores intereses.<\/p>\n\t\t\t\t<img decoding=\"async\" src=\"https:\/\/wogwulaw.com\/wp-content\/uploads\/2024\/01\/deportation-defense-2.jpeg\" alt=\"deportation defense 2\" itemprop=\"image\" height=\"1109\" width=\"740\" title=\"deportation defense 2\" onerror=\"this.style.display='none'\"  \/>\n<h2>\n\t\tExplorando sus Opciones\n\t<\/h2>\n\t<p>Existen varias formas de alivio disponibles en los procedimientos de deportaci\u00f3n. La Abogada Wogwu y el equipo evaluar\u00e1n minuciosamente su elegibilidad para estas opciones, ofreciendo explicaciones claras y asesoramiento estrat\u00e9gico sobre el mejor curso de acci\u00f3n. Aqu\u00ed est\u00e1n algunas de las posibilidades de alivio:<\/p>\n<ul>\n<li><b>Asilo:<\/b> El asilo es una forma de protecci\u00f3n disponible para personas que han sufrido persecuci\u00f3n o temen sufrirla debido a su raza, religi\u00f3n, nacionalidad, membres\u00eda en un grupo social particular u opini\u00f3n pol\u00edtica en su pa\u00eds de origen. Si se le otorga asilo, la persona puede permanecer en los Estados Unidos y luego solicitar la residencia permanente (una tarjeta verde).<\/li>\n<li><b>Ajuste de estatus:<\/b> Esta opci\u00f3n se aplica a personas que ya pueden ser elegibles para una tarjeta verde (residencia permanente legal) basada en relaciones familiares, empleo u otras categor\u00edas. El ajuste de estatus le permite a una persona obtener una tarjeta verde sin tener que regresar a su pa\u00eds de origen para completar el procesamiento de la visa.<\/li>\n<li><b>Cancelaci\u00f3n de la deportaci\u00f3n:<\/b> Esta es una forma de alivio disponible para ciertos residentes permanentes y residentes no permanentes. Para los residentes permanentes, est\u00e1 disponible si han vivido en los Estados Unidos durante un per\u00edodo determinado y cumplen con otros criterios. Para los residentes no permanentes, est\u00e1 disponible bajo condiciones m\u00e1s estrictas, que incluyen tener una presencia f\u00edsica continua en los EE. UU. por diez a\u00f1os, demostrar buen car\u00e1cter moral y demostrar que la deportaci\u00f3n causar\u00eda dificultades extremas a ciudadanos estadounidenses o familiares residentes permanentes.<\/li>\n<li><b>Exenciones:<\/b> Las exenciones son disposiciones legales que le permiten a una persona buscar el perd\u00f3n por ciertas violaciones de inmigraci\u00f3n o delitos penales que de otra manera la har\u00edan inadmisible para ingresar a los EE. UU. o susceptible de deportaci\u00f3n. La disponibilidad y el \u00e9xito de una exenci\u00f3n dependen de las circunstancias espec\u00edficas de cada caso.<\/li>\n<\/ul>\n<h2>\n\t\tLa Importancia de la Representaci\u00f3n Legal en la Corte de Inmigraci\u00f3n\n\t<\/h2>\n\t<p>La representaci\u00f3n por un abogado de inmigraci\u00f3n con experiencia puede impactar significativamente el resultado de su caso. Traemos experiencia, dedicaci\u00f3n y un enfoque compasivo a cada caso, asegurando que su voz sea escuchada y sus derechos est\u00e9n protegidos en la corte de inmigraci\u00f3n.<\/p>\n<h2>\n\t\tPreparaci\u00f3n para sus Audiencias en la Corte de Inmigraci\u00f3n\n\t<\/h2>\n\t<p>La preparaci\u00f3n es clave para una defensa exitosa en la corte de inmigraci\u00f3n. Le ayudamos a reunir la documentaci\u00f3n relevante, prepararse para los testimonios y construir una estrategia de defensa s\u00f3lida. Nuestro equipo se asegura de que est\u00e9 completamente preparado para lo que puede esperar durante sus audiencias.<\/p>\n<h2>\n\t\tContacte a Wogwu Law para una Defensa contra la Deportaci\u00f3n con Experiencia\n\t<\/h2>\n\t<p>Enfrentarse a un proceso de deportaci\u00f3n puede ser abrumador, pero no tiene que superar este complejo proceso solo. Cont\u00e1ctenos hoy al <a href=\"tel:210-864-5214\">210-864-5214<\/a> o <a href=\"https:\/\/wogwulaw.com\/contact\/\">en l\u00ednea<\/a> para programar una consulta con un abogado de inmigraci\u00f3n dedicado que atiende a clientes en todo el mundo. Nuestro equipo est\u00e1 listo para brindarle el apoyo y la representaci\u00f3n que necesita para lograr el mejor resultado posible en su caso.<\/p>\n<h1>\n\t\t\u00bfNecesita Representaci\u00f3n Legal?\n\t<\/h1>\n\t<p>Ayudamos a nuestros compa\u00f1eros inmigrantes a obtener su estatus legal para que puedan vivir sin miedo: hazlo bien desde la primera vez con un abogado de inmigraci\u00f3n experimentado. Nuestro equipo representa a clientes de inmigraci\u00f3n que viven en los cincuenta estados y en el extranjero.<\/p>\n\t\t\t<a href=\"https:\/\/calendly.com\/lisawogwu\" target=\"_blank\" rel=\"noopener\">\n\t\t\t\t\t\t\tPrograme una Consulta\n\t\t\t\t\t<\/a>\n\t<p>O Complete el Formulario<\/p>\n\t\n<div class=\"wpcf7 no-js\" id=\"wpcf7-f2363-o1\" lang=\"es-ES\" dir=\"ltr\" data-wpcf7-id=\"2363\">\n<div class=\"screen-reader-response\"><p role=\"status\" aria-live=\"polite\" aria-atomic=\"true\"><\/p> <ul><\/ul><\/div>\n<form action=\"\/es\/wp-json\/wp\/v2\/pages\/2399#wpcf7-f2363-o1\" method=\"post\" class=\"wpcf7-form init\" aria-label=\"Formulario de contacto\" novalidate=\"novalidate\" data-status=\"init\">\n<fieldset class=\"hidden-fields-container\"><input type=\"hidden\" name=\"_wpcf7\" value=\"2363\" \/><input type=\"hidden\" name=\"_wpcf7_version\" value=\"6.1.5\" \/><input type=\"hidden\" name=\"_wpcf7_locale\" value=\"es_ES\" \/><input type=\"hidden\" name=\"_wpcf7_unit_tag\" value=\"wpcf7-f2363-o1\" \/><input type=\"hidden\" name=\"_wpcf7_container_post\" value=\"0\" \/><input type=\"hidden\" name=\"_wpcf7_posted_data_hash\" value=\"\" \/>\n<\/fieldset>\n<p><span class=\"wpcf7-form-control-wrap\" data-name=\"your-name\"><input size=\"40\" maxlength=\"400\" class=\"wpcf7-form-control wpcf7-text wpcf7-validates-as-required\" autocomplete=\"name\" aria-required=\"true\" aria-invalid=\"false\" placeholder=\"Nombre y Apellido\" value=\"\" type=\"text\" name=\"your-name\" \/><\/span><span class=\"wpcf7-form-control-wrap\" data-name=\"your-phone\"><input size=\"40\" maxlength=\"400\" class=\"wpcf7-form-control wpcf7-text wpcf7-validates-as-required\" aria-required=\"true\" aria-invalid=\"false\" placeholder=\"N\u00famero de Tel\u00e9fono\" value=\"\" type=\"text\" name=\"your-phone\" \/><\/span><span class=\"wpcf7-form-control-wrap\" data-name=\"your-email\"><input size=\"40\" maxlength=\"400\" class=\"wpcf7-form-control wpcf7-email wpcf7-validates-as-required wpcf7-text wpcf7-validates-as-email\" autocomplete=\"email\" aria-required=\"true\" aria-invalid=\"false\" placeholder=\"Correo Electr\u00f3nico\" value=\"\" type=\"email\" name=\"your-email\" \/><\/span><span class=\"wpcf7-form-control-wrap\" data-name=\"your-message\"><textarea cols=\"40\" rows=\"10\" maxlength=\"2000\" class=\"wpcf7-form-control wpcf7-textarea wpcf7-validates-as-required\" aria-required=\"true\" aria-invalid=\"false\" placeholder=\"Ind\u00edquenos, por favor, cu\u00e1l es el tema que desea tratar.\" name=\"your-message\"><\/textarea><\/span><input class=\"wpcf7-form-control wpcf7-submit has-spinner\" type=\"submit\" value=\"Enviar\" \/>\n<\/p><p style=\"display: none !important;\" class=\"akismet-fields-container\" data-prefix=\"_wpcf7_ak_\"><label>&#916;<textarea name=\"_wpcf7_ak_hp_textarea\" cols=\"45\" rows=\"8\" maxlength=\"100\"><\/textarea><\/label><input type=\"hidden\" id=\"ak_js_1\" name=\"_wpcf7_ak_js\" value=\"217\"\/><script>document.getElementById( \"ak_js_1\" ).setAttribute( \"value\", ( new Date() ).getTime() );<\/script><\/p><input type='hidden' class='wpcf7-pum' value='{\"closepopup\":false,\"closedelay\":0,\"openpopup\":false,\"openpopup_id\":0}' \/><div class=\"wpcf7-response-output\" aria-hidden=\"true\"><\/div>\n<\/form>\n<\/div>\n\n\n","protected":false},"excerpt":{"rendered":"<p>Defensa Contra La Deportaci\u00f3n Abogada de Inmigraci\u00f3n en San Antonio, Lisa Wogwu En Wogwu Law, entendemos los desaf\u00edos e incertidumbres que atraviesan las personas cuando se enfrentan a procedimientos de deportaci\u00f3n en los Estados Unidos. Como bufete de abogados de inmigraci\u00f3n con experiencia, estamos comprometidos a representar a clientes a nivel mundial que planean emigrar&hellip;<\/p>\n","protected":false},"author":5,"featured_media":0,"parent":0,"menu_order":0,"comment_status":"closed","ping_status":"closed","template":"","meta":{"inline_featured_image":false,"footnotes":""},"class_list":["post-2399","page","type-page","status-publish","hentry"],"_links":{"self":[{"href":"https:\/\/wogwulaw.com\/es\/wp-json\/wp\/v2\/pages\/2399","targetHints":{"allow":["GET"]}}],"collection":[{"href":"https:\/\/wogwulaw.com\/es\/wp-json\/wp\/v2\/pages"}],"about":[{"href":"https:\/\/wogwulaw.com\/es\/wp-json\/wp\/v2\/types\/page"}],"author":[{"embeddable":true,"href":"https:\/\/wogwulaw.com\/es\/wp-json\/wp\/v2\/users\/5"}],"replies":[{"embeddable":true,"href":"https:\/\/wogwulaw.com\/es\/wp-json\/wp\/v2\/comments?post=2399"}],"version-history":[{"count":0,"href":"https:\/\/wogwulaw.com\/es\/wp-json\/wp\/v2\/pages\/2399\/revisions"}],"wp:attachment":[{"href":"https:\/\/wogwulaw.com\/es\/wp-json\/wp\/v2\/media?parent=2399"}],"curies":[{"name":"wp","href":"https:\/\/api.w.org\/{rel}","templated":true}]}}