{"id":2485,"date":"2024-01-18T11:36:11","date_gmt":"2024-01-18T16:36:11","guid":{"rendered":"https:\/\/wogwulaw.com\/asylum\/"},"modified":"2024-03-22T00:07:47","modified_gmt":"2024-03-22T04:07:47","slug":"asilo","status":"publish","type":"page","link":"https:\/\/wogwulaw.com\/es\/asilo\/","title":{"rendered":"Asilo"},"content":{"rendered":"\n\n\t\t\t\t<img decoding=\"async\" src=\"https:\/\/wogwulaw.com\/wp-content\/uploads\/2024\/01\/asylum-1.jpeg\" alt=\"asylum 1\" itemprop=\"image\" height=\"986\" width=\"1480\" title=\"asylum 1\" onerror=\"this.style.display='none'\"  \/>\n<h1>\n\t\tAsilo: Encuentre Seguridad y Protecci\u00f3n en Estados Unidos\n\t<\/h1>\n\t<p>El asilo es una forma de protecci\u00f3n disponible para personas que temen ser perseguidas en su pa\u00eds de origen por motivos de raza, religi\u00f3n, nacionalidad, pertenencia a un grupo social particular u opini\u00f3n pol\u00edtica. En Wogwu Law, comprendemos la gravedad y urgencia de los casos de asilo. Estamos comprometidos a brindar apoyo legal compasivo e integral a personas de todo el mundo que buscan seguridad en los Estados Unidos.<\/p>\n<h2>\u00bfCalifica para el Asilo?<\/h2>\n<p>Determinar si usted es elegible para el asilo implica evaluar si cumple con criterios espec\u00edficos establecidos por las leyes de inmigraci\u00f3n. A continuaci\u00f3n, un desglose de lo que generalmente significa ser elegible para el asilo:<\/p>\n<ul>\n<li><b>Temor Fundado de Persecuci\u00f3n:<\/b> El requisito central para la elegibilidad del asilo es tener un \u00abtemor fundado de persecuci\u00f3n\u00bb. Esto significa que debe temer razonablemente a ser vulnerado si regresa a su pa\u00eds de origen.<\/li>\n<li><b>Motivos de Persecuci\u00f3n:<\/b> El temor a la persecuci\u00f3n debe deberse a una o m\u00e1s de las siguientes razones: su raza, religi\u00f3n, nacionalidad, pertenencia a un grupo social particular o opini\u00f3n pol\u00edtica. Estos son motivos reconocidos para el asilo bajo las leyes internacionales y estadounidenses.<\/li>\n<li><b>Participaci\u00f3n del Gobierno:<\/b> La persecuci\u00f3n que usted teme debe ser llevada a cabo por el gobierno de su pa\u00eds de origen o por grupos que el gobierno no puede o no quiere controlar. Esto puede incluir la polic\u00eda, el ej\u00e9rcito, grupos paramilitares, organizaciones guerrilleras u otras entidades no gubernamentales que el gobierno no puede controlar.<\/li>\n<li><b>Evaluaci\u00f3n Individual:<\/b> Cada caso de asilo es \u00fanico. Las circunstancias de su temor a la persecuci\u00f3n se eval\u00faan individualmente. Esto significa que se consideran los detalles de sus experiencias personales, las condiciones de su pa\u00eds y cualquier otro factor relevante para determinar su elegibilidad.<\/li>\n<li><b>Documentaci\u00f3n y Pruebas:<\/b> Es \u00fatil proporcionar la mayor cantidad de evidencia posible para demostrar la elegibilidad para el asilo. Esto puede incluir testimonios personales, informes de organizaciones de derechos humanos, art\u00edculos de prensa sobre las condiciones en su pa\u00eds de origen y otros documentos relevantes.<\/li>\n<\/ul>\n<h2>El Proceso de Solicitud de Asilo<\/h2>\n<p>El proceso de asilo en los Estados Unidos involucra varios pasos, comenzando con la presentaci\u00f3n del Formulario I-589, Solicitud de Asilo y Retenci\u00f3n de Remoci\u00f3n, dentro del primer a\u00f1o de su llegada a los Estados Unidos. Le ayudamos a preparar meticulosamente su solicitud, asegur\u00e1ndonos de que se incluya toda la evidencia relevante para respaldar su reclamo. Nuestro equipo tambi\u00e9n prepara a los clientes para las entrevistas con los oficiales de asilo, ofreciendo informaci\u00f3n y estrategias para comunicar su necesidad de protecci\u00f3n de manera efectiva.<\/p>\n<h2>El Papel de la Corte de Inmigraci\u00f3n en los Casos de Asilo<\/h2>\n<p>Si el oficial de asilo no le otorga asilo, su caso puede ser referido a un Juez de Inmigraci\u00f3n. Esto puede ser una perspectiva desalentadora, pero en Wogwu Law, apoyamos a nuestros clientes en cada paso del camino. Brindamos una representaci\u00f3n s\u00f3lida en la corte, argumentando su caso con profesionalismo y empat\u00eda, con el objetivo de asegurar un resultado favorable.<\/p>\n<h2>Vida Despu\u00e9s del Asilo<\/h2>\n<p>La vida despu\u00e9s de obtener el asilo en los Estados Unidos marca el comienzo de un nuevo cap\u00edtulo. Es un per\u00edodo en el que el enfoque principal cambia de obtener protecci\u00f3n a establecer una vida estable y permanente en los Estados Unidos.<\/p>\n<ul>\n<li><b>Ajuste a Estado de Residente Permanente (Green Card):<\/b> Como asilado, puede solicitar una Green Card (residencia permanente) en los Estados Unidos. Este es un paso importante ya que brinda m\u00e1s estabilidad y derechos, como vivir y trabajar permanentemente en los Estados Unidos.<\/li>\n<li><b>Elegibilidad para la Solicitud de La Green Card:<\/b> Por lo general, usted se vuelve elegible para solicitar una Green Card un a\u00f1o despu\u00e9s de que se le otorgue el asilo. Es esencial llevar un registro de estas fechas y prepararse para el proceso de solicitud con anticipaci\u00f3n.<\/li>\n<li><b>Cumpliendo con los Requisitos de Residencia:<\/b> Para calificar para una Green Card , debe cumplir con ciertos requisitos de residencia. Esto incluye residir f\u00edsicamente en los Estados Unidos durante al menos un a\u00f1o desde que se le otorg\u00f3 el asilo. Mantener una presencia continua en los Estados Unidos durante este per\u00edodo es crucial, ya que los viajes largos al extranjero pueden afectar su elegibilidad.<\/li>\n<li><b>Proceso de Solicitud de Tarjeta Verde:<\/b> El proceso implica completar el Formulario I-485, Solicitud para Registrar Residencia Permanente o Ajustar Estatus. Este formulario requiere diversa informaci\u00f3n y documentaci\u00f3n, como prueba de su estado de asilado, evidencia de su residencia continua en los Estados Unidos y un informe de examen m\u00e9dico.<\/li>\n<li><b>Entrevista y Proceso de Aprobaci\u00f3n:<\/b> En algunos casos, es posible que te llamen a una entrevista donde un oficial revisar\u00e1 tu solicitud y te har\u00e1 preguntas sobre tu historial y tu tiempo en Estados Unidos. Si todo est\u00e1 en orden, tu solicitud ser\u00e1 aprobada, otorg\u00e1ndote el estatus de residente permanente.<\/li>\n<li><b>Camino hacia la Ciudadan\u00eda Estadounidense:<\/b> Despu\u00e9s de varios a\u00f1os como residente permanente, podr\u00edas ser elegible para solicitar la ciudadan\u00eda estadounidense a trav\u00e9s de la naturalizaci\u00f3n. Este paso culmina el viaje para muchos asilados, ofreci\u00e9ndoles los derechos y beneficios completos de ser ciudadanos estadounidenses.<\/li>\n<\/ul>\n<h2>\u00bfPor qu\u00e9 Elegir a Wogwu Law para tu Caso de Asilo?<\/h2>\n<p>En Wogwu Law, combinamos nuestra experiencia legal con un profundo entendimiento de los desaf\u00edos personales que enfrentan los solicitantes de asilo. Nuestro enfoque est\u00e1 centrado en el cliente, es emp\u00e1tico y se adapta a las necesidades \u00fanicas de cada individuo y familia que representamos.<\/p>\n<p>Si t\u00fa o alguien que conoces est\u00e1 buscando asilo en Estados Unidos, no enfrenten este proceso desafiante solos. Contacta a Wogwu Law hoy mismo al <a href=\"tel:210-864-5214\">210-864-5214<\/a> o en l\u00ednea para programar una consulta con un abogado de inmigraci\u00f3n compasivo y dedicado. Perm\u00edtenos guiarte y abogar por ti en tu b\u00fasqueda de seguridad y libertad.<\/p>\n<h1>\n\t\t\u00bfNecesita Representaci\u00f3n Legal?\n\t<\/h1>\n\t<p>Ayudamos a nuestros compa\u00f1eros inmigrantes a obtener su estatus legal para que puedan vivir sin miedo: hazlo bien desde la primera vez con un abogado de inmigraci\u00f3n experimentado. Nuestro equipo representa a clientes de inmigraci\u00f3n que viven en los cincuenta estados y en el extranjero.<\/p>\n\t\t\t<a href=\"https:\/\/calendly.com\/lisawogwu\" target=\"_blank\" rel=\"noopener\">\n\t\t\t\t\t\t\tPrograme una Consulta\n\t\t\t\t\t<\/a>\n\t<p>O Complete el Formulario<\/p>\n\t\n<div class=\"wpcf7 no-js\" id=\"wpcf7-f2363-o1\" lang=\"es-ES\" dir=\"ltr\" data-wpcf7-id=\"2363\">\n<div class=\"screen-reader-response\"><p role=\"status\" aria-live=\"polite\" aria-atomic=\"true\"><\/p> <ul><\/ul><\/div>\n<form action=\"\/es\/wp-json\/wp\/v2\/pages\/2485#wpcf7-f2363-o1\" method=\"post\" class=\"wpcf7-form init\" aria-label=\"Formulario de contacto\" novalidate=\"novalidate\" data-status=\"init\">\n<fieldset class=\"hidden-fields-container\"><input type=\"hidden\" name=\"_wpcf7\" value=\"2363\" \/><input type=\"hidden\" name=\"_wpcf7_version\" value=\"6.1.5\" \/><input type=\"hidden\" name=\"_wpcf7_locale\" value=\"es_ES\" \/><input type=\"hidden\" name=\"_wpcf7_unit_tag\" value=\"wpcf7-f2363-o1\" \/><input type=\"hidden\" name=\"_wpcf7_container_post\" value=\"0\" \/><input type=\"hidden\" name=\"_wpcf7_posted_data_hash\" value=\"\" \/>\n<\/fieldset>\n<p><span class=\"wpcf7-form-control-wrap\" data-name=\"your-name\"><input size=\"40\" maxlength=\"400\" class=\"wpcf7-form-control wpcf7-text wpcf7-validates-as-required\" autocomplete=\"name\" aria-required=\"true\" aria-invalid=\"false\" placeholder=\"Nombre y Apellido\" value=\"\" type=\"text\" name=\"your-name\" \/><\/span><span class=\"wpcf7-form-control-wrap\" data-name=\"your-phone\"><input size=\"40\" maxlength=\"400\" class=\"wpcf7-form-control wpcf7-text wpcf7-validates-as-required\" aria-required=\"true\" aria-invalid=\"false\" placeholder=\"N\u00famero de Tel\u00e9fono\" value=\"\" type=\"text\" name=\"your-phone\" \/><\/span><span class=\"wpcf7-form-control-wrap\" data-name=\"your-email\"><input size=\"40\" maxlength=\"400\" class=\"wpcf7-form-control wpcf7-email wpcf7-validates-as-required wpcf7-text wpcf7-validates-as-email\" autocomplete=\"email\" aria-required=\"true\" aria-invalid=\"false\" placeholder=\"Correo Electr\u00f3nico\" value=\"\" type=\"email\" name=\"your-email\" \/><\/span><span class=\"wpcf7-form-control-wrap\" data-name=\"your-message\"><textarea cols=\"40\" rows=\"10\" maxlength=\"2000\" class=\"wpcf7-form-control wpcf7-textarea wpcf7-validates-as-required\" aria-required=\"true\" aria-invalid=\"false\" placeholder=\"Ind\u00edquenos, por favor, cu\u00e1l es el tema que desea tratar.\" name=\"your-message\"><\/textarea><\/span><input class=\"wpcf7-form-control wpcf7-submit has-spinner\" type=\"submit\" value=\"Enviar\" \/>\n<\/p><p style=\"display: none !important;\" class=\"akismet-fields-container\" data-prefix=\"_wpcf7_ak_\"><label>&#916;<textarea name=\"_wpcf7_ak_hp_textarea\" cols=\"45\" rows=\"8\" maxlength=\"100\"><\/textarea><\/label><input type=\"hidden\" id=\"ak_js_1\" name=\"_wpcf7_ak_js\" value=\"231\"\/><script>document.getElementById( \"ak_js_1\" ).setAttribute( \"value\", ( new Date() ).getTime() );<\/script><\/p><input type='hidden' class='wpcf7-pum' value='{\"closepopup\":false,\"closedelay\":0,\"openpopup\":false,\"openpopup_id\":0}' \/><div class=\"wpcf7-response-output\" aria-hidden=\"true\"><\/div>\n<\/form>\n<\/div>\n\n\n","protected":false},"excerpt":{"rendered":"<p>Asilo: Encuentre Seguridad y Protecci\u00f3n en Estados Unidos El asilo es una forma de protecci\u00f3n disponible para personas que temen ser perseguidas en su pa\u00eds de origen por motivos de raza, religi\u00f3n, nacionalidad, pertenencia a un grupo social particular u opini\u00f3n pol\u00edtica. En Wogwu Law, comprendemos la gravedad y urgencia de los casos de asilo.&hellip;<\/p>\n","protected":false},"author":6,"featured_media":0,"parent":0,"menu_order":0,"comment_status":"closed","ping_status":"closed","template":"","meta":{"inline_featured_image":false,"footnotes":""},"class_list":["post-2485","page","type-page","status-publish","hentry"],"_links":{"self":[{"href":"https:\/\/wogwulaw.com\/es\/wp-json\/wp\/v2\/pages\/2485","targetHints":{"allow":["GET"]}}],"collection":[{"href":"https:\/\/wogwulaw.com\/es\/wp-json\/wp\/v2\/pages"}],"about":[{"href":"https:\/\/wogwulaw.com\/es\/wp-json\/wp\/v2\/types\/page"}],"author":[{"embeddable":true,"href":"https:\/\/wogwulaw.com\/es\/wp-json\/wp\/v2\/users\/6"}],"replies":[{"embeddable":true,"href":"https:\/\/wogwulaw.com\/es\/wp-json\/wp\/v2\/comments?post=2485"}],"version-history":[{"count":0,"href":"https:\/\/wogwulaw.com\/es\/wp-json\/wp\/v2\/pages\/2485\/revisions"}],"wp:attachment":[{"href":"https:\/\/wogwulaw.com\/es\/wp-json\/wp\/v2\/media?parent=2485"}],"curies":[{"name":"wp","href":"https:\/\/api.w.org\/{rel}","templated":true}]}}