{"id":2544,"date":"2024-01-18T11:45:53","date_gmt":"2024-01-18T16:45:53","guid":{"rendered":"https:\/\/wogwulaw.com\/work-permits\/"},"modified":"2024-04-11T23:47:58","modified_gmt":"2024-04-12T03:47:58","slug":"permisos-de-trabajo","status":"publish","type":"page","link":"https:\/\/wogwulaw.com\/es\/permisos-de-trabajo\/","title":{"rendered":"Permisos de Trabajo en Estados Unidos"},"content":{"rendered":"\n\n\t\t\t\t<img decoding=\"async\" src=\"https:\/\/wogwulaw.com\/wp-content\/uploads\/2024\/01\/worker-permits-1.jpeg\" alt=\"worker permits 1\" itemprop=\"image\" height=\"986\" width=\"1480\" title=\"worker permits 1\" onerror=\"this.style.display='none'\"  \/>\n<h1>\n\t\tPermisos de Trabajo en Estados Unidos\n\t<\/h1>\n\t<h2>Entendiendo los Permisos de Trabajo en Estados Unidos<\/h2>\n<p>Un permiso de trabajo en Estados Unidos, oficialmente conocido como Documento de Autorizaci\u00f3n de Empleo (EAD, por sus siglas en ingl\u00e9s), permite a las personas trabajar legalmente en el pa\u00eds por un per\u00edodo espec\u00edfico. Varias categor\u00edas de ciudadanos extranjeros son elegibles para un EAD. La Abogada Wogwu le ayuda a comprender qu\u00e9 categor\u00eda se adapta a su situaci\u00f3n y qu\u00e9 significa para sus posibilidades de empleo.<\/p>\n<h2>\u00bfQui\u00e9n Puede Solicitar un Permiso de Trabajo?<\/h2>\n<p>La elegibilidad para un permiso de trabajo en Estados Unidos, oficialmente conocido como Documento de Autorizaci\u00f3n de Empleo (EAD), se basa en su estado migratorio espec\u00edfico o tipo de visa. A continuaci\u00f3n, se presentan algunas categor\u00edas comunes de personas que pueden ser elegibles para solicitar un permiso de trabajo:<\/p>\n<ul>\n<li><b>Solicitantes de Asilo:<\/b> Las personas que han solicitado asilo en Estados Unidos y est\u00e1n esperando una decisi\u00f3n sobre su solicitud pueden solicitar un permiso de trabajo. Generalmente, pueden solicitar un EAD si han transcurrido 150 d\u00edas desde la presentaci\u00f3n de su solicitud de asilo y no se ha tomado una decisi\u00f3n.<\/li>\n<li><b>Estudiantes Internacionales:<\/b> Ciertos estudiantes internacionales pueden ser elegibles para un permiso de trabajo bajo condiciones espec\u00edficas. Por ejemplo, los estudiantes con visas F-1 pueden ser elegibles para Capacitaci\u00f3n Pr\u00e1ctica Opcional (OPT) o Capacitaci\u00f3n Pr\u00e1ctica Curricular (CPT), lo que les permite trabajar en \u00e1reas relacionadas con su campo de estudio.<\/li>\n<li><b>Dependientes de Titulares de Visa:<\/b> Ciertos titulares de visa, como c\u00f3nyuges de titulares de visa H-1B (visa H-4) o L-1, pueden ser elegibles para solicitar un permiso de trabajo. La elegibilidad a menudo depende de condiciones espec\u00edficas vinculadas al estado del titular principal de la visa.<\/li>\n<li><b>Solicitantes de Ajuste de Estatus:<\/b> Las personas que han solicitado la residencia permanente legal (Tarjeta Verde) en los Estados Unidos pueden solicitar un permiso de trabajo mientras se procesa su solicitud de Tarjeta Verde.<\/li>\n<li><b>Beneficiarios del Estatus de Protecci\u00f3n Temporal (TPS):<\/b> Aquellos a quienes se les otorg\u00f3 TPS debido a condiciones inseguras en sus pa\u00edses de origen pueden solicitar un permiso de trabajo, lo que les permite trabajar legalmente en los Estados Unidos por el tiempo que sea v\u00e1lido su estado de TPS.<\/li>\n<li><b>Beneficiarios de DACA:<\/b> Las personas que se benefician del programa de Acci\u00f3n Diferida para los Llegados en la Infancia (DACA) pueden solicitar un permiso de trabajo. DACA brinda protecci\u00f3n temporal contra la deportaci\u00f3n a j\u00f3venes adultos calificados que llegaron a los Estados Unidos cuando eran ni\u00f1os.<\/li>\n<li><b>Titulares de Ciertas Visas:<\/b> Algunas otras categor\u00edas espec\u00edficas de visa tambi\u00e9n permiten la elegibilidad para solicitar un permiso de trabajo. USCIS define estas categor\u00edas e incluye una variedad de estados humanitarios y de no inmigrante.<\/li>\n<li><b>Otras Categor\u00edas Especiales:<\/b> Existen categor\u00edas especiales adicionales definidas por USCIS que pueden ser elegibles para la autorizaci\u00f3n de trabajo, como solicitantes de suspensi\u00f3n de deportaci\u00f3n, ciertos c\u00f3nyuges e hijos maltratados y otras categor\u00edas espec\u00edficas.<\/li>\n<\/ul>\n\t\t\t\t<img decoding=\"async\" src=\"https:\/\/wogwulaw.com\/wp-content\/uploads\/2024\/01\/worker-permits-2.jpeg\" alt=\"worker permits 2\" itemprop=\"image\" height=\"986\" width=\"1480\" title=\"worker permits 2\" onerror=\"this.style.display='none'\"  \/>\n\t<h2>El Proceso de Solicitud<\/h2>\n<p>Solicitar un permiso de trabajo implica completar el Formulario I-765, Solicitud de Autorizaci\u00f3n de Empleo. La abogada Wogwu lo ayuda a recopilar y enviar todos los documentos requeridos, asegurando que su solicitud sea completa y precisa. Tambi\u00e9n lo mantenemos actualizado sobre cualquier cambio en las pol\u00edticas de inmigraci\u00f3n que pueda afectar su solicitud.<\/p>\n<h2>Lo que los Empleadores Necesitan Saber Sobre la Contrataci\u00f3n de Extranjeros<\/h2>\n<p>Para los empleadores, contratar a ciudadanos extranjeros implica comprender los requisitos de visa y el proceso de EAD. Asesoramos a las empresas sobre el cumplimiento de las leyes de inmigraci\u00f3n, asegur\u00e1ndonos de que pueda emplear legalmente el talento que necesita en todo el mundo.<\/p>\n<h2>Renovaci\u00f3n y Extensiones<\/h2>\n<p>Mantener un estado legal de empleo en los Estados Unidos a menudo implica renovar o extender su permiso de trabajo. Lo ayudamos con las renovaciones oportunas, lo que le evita brechas en la autorizaci\u00f3n de empleo y garantiza su continua elegibilidad para trabajar en los Estados Unidos.<\/p>\n<h2>Comience su Trayecto Laboral en Estados Unidos con Wogwu Law<\/h2>\n<p>En Wogwu Law, nos enorgullecemos de brindar orientaci\u00f3n personalizada y con experiencia en solicitudes de permisos de trabajo. El\u00a0 enfoque de la abogada Wogwu es amigable, claro y sin jerga legal, haciendo que el proceso sea lo m\u00e1s libre de estr\u00e9s posible.<\/p>\n<p>\u00bfListo para comenzar su viaje laboral en los Estados Unidos?\u00a0 Cont\u00e1ctese con Wogwu Law hoy mismo al <a href=\"tel:919-964-5472\">919-964-5472<\/a> o comun\u00edquese con la abogada Wogwu <a href=\"https:\/\/wogwulaw.com\/contact\/\">en l\u00ednea<\/a> para programar una consulta. Atendemos a clientes a nivel mundial, ayud\u00e1ndole a usted o a sus empleados a obtener la autorizaci\u00f3n necesaria para trabajar en los Estados Unidos.<\/p>\n<h1>\n\t\t\u00bfNecesita Representaci\u00f3n Legal?\n\t<\/h1>\n\t<p>Ayudamos a nuestros compa\u00f1eros inmigrantes a obtener su estatus legal para que puedan vivir sin miedo: hazlo bien desde la primera vez con un abogado de inmigraci\u00f3n experimentado. Nuestro equipo representa a clientes de inmigraci\u00f3n que viven en los cincuenta estados y en el extranjero.<\/p>\n\t\t\t<a href=\"https:\/\/calendly.com\/lisawogwu\" target=\"_blank\" rel=\"noopener\">\n\t\t\t\t\t\t\tPrograme una Consulta\n\t\t\t\t\t<\/a>\n\t<p>O Complete el Formulario<\/p>\n\t\n<div class=\"wpcf7 no-js\" id=\"wpcf7-f2363-o1\" lang=\"es-ES\" dir=\"ltr\" data-wpcf7-id=\"2363\">\n<div class=\"screen-reader-response\"><p role=\"status\" aria-live=\"polite\" aria-atomic=\"true\"><\/p> <ul><\/ul><\/div>\n<form action=\"\/es\/wp-json\/wp\/v2\/pages\/2544#wpcf7-f2363-o1\" method=\"post\" class=\"wpcf7-form init\" aria-label=\"Formulario de contacto\" novalidate=\"novalidate\" data-status=\"init\">\n<fieldset class=\"hidden-fields-container\"><input type=\"hidden\" name=\"_wpcf7\" value=\"2363\" \/><input type=\"hidden\" name=\"_wpcf7_version\" value=\"6.1.5\" \/><input type=\"hidden\" name=\"_wpcf7_locale\" value=\"es_ES\" \/><input type=\"hidden\" name=\"_wpcf7_unit_tag\" value=\"wpcf7-f2363-o1\" \/><input type=\"hidden\" name=\"_wpcf7_container_post\" value=\"0\" \/><input type=\"hidden\" name=\"_wpcf7_posted_data_hash\" value=\"\" \/>\n<\/fieldset>\n<p><span class=\"wpcf7-form-control-wrap\" data-name=\"your-name\"><input size=\"40\" maxlength=\"400\" class=\"wpcf7-form-control wpcf7-text wpcf7-validates-as-required\" autocomplete=\"name\" aria-required=\"true\" aria-invalid=\"false\" placeholder=\"Nombre y Apellido\" value=\"\" type=\"text\" name=\"your-name\" \/><\/span><span class=\"wpcf7-form-control-wrap\" data-name=\"your-phone\"><input size=\"40\" maxlength=\"400\" class=\"wpcf7-form-control wpcf7-text wpcf7-validates-as-required\" aria-required=\"true\" aria-invalid=\"false\" placeholder=\"N\u00famero de Tel\u00e9fono\" value=\"\" type=\"text\" name=\"your-phone\" \/><\/span><span class=\"wpcf7-form-control-wrap\" data-name=\"your-email\"><input size=\"40\" maxlength=\"400\" class=\"wpcf7-form-control wpcf7-email wpcf7-validates-as-required wpcf7-text wpcf7-validates-as-email\" autocomplete=\"email\" aria-required=\"true\" aria-invalid=\"false\" placeholder=\"Correo Electr\u00f3nico\" value=\"\" type=\"email\" name=\"your-email\" \/><\/span><span class=\"wpcf7-form-control-wrap\" data-name=\"your-message\"><textarea cols=\"40\" rows=\"10\" maxlength=\"2000\" class=\"wpcf7-form-control wpcf7-textarea wpcf7-validates-as-required\" aria-required=\"true\" aria-invalid=\"false\" placeholder=\"Ind\u00edquenos, por favor, cu\u00e1l es el tema que desea tratar.\" name=\"your-message\"><\/textarea><\/span><input class=\"wpcf7-form-control wpcf7-submit has-spinner\" type=\"submit\" value=\"Enviar\" \/>\n<\/p><p style=\"display: none !important;\" class=\"akismet-fields-container\" data-prefix=\"_wpcf7_ak_\"><label>&#916;<textarea name=\"_wpcf7_ak_hp_textarea\" cols=\"45\" rows=\"8\" maxlength=\"100\"><\/textarea><\/label><input type=\"hidden\" id=\"ak_js_1\" name=\"_wpcf7_ak_js\" value=\"99\"\/><script>document.getElementById( \"ak_js_1\" ).setAttribute( \"value\", ( new Date() ).getTime() );<\/script><\/p><input type='hidden' class='wpcf7-pum' value='{\"closepopup\":false,\"closedelay\":0,\"openpopup\":false,\"openpopup_id\":0}' \/><div class=\"wpcf7-response-output\" aria-hidden=\"true\"><\/div>\n<\/form>\n<\/div>\n\n\n","protected":false},"excerpt":{"rendered":"<p>Permisos de Trabajo en Estados Unidos Entendiendo los Permisos de Trabajo en Estados Unidos Un permiso de trabajo en Estados Unidos, oficialmente conocido como Documento de Autorizaci\u00f3n de Empleo (EAD, por sus siglas en ingl\u00e9s), permite a las personas trabajar legalmente en el pa\u00eds por un per\u00edodo espec\u00edfico. Varias categor\u00edas de ciudadanos extranjeros son elegibles&hellip;<\/p>\n","protected":false},"author":6,"featured_media":0,"parent":0,"menu_order":0,"comment_status":"closed","ping_status":"closed","template":"","meta":{"inline_featured_image":false,"footnotes":""},"class_list":["post-2544","page","type-page","status-publish","hentry"],"_links":{"self":[{"href":"https:\/\/wogwulaw.com\/es\/wp-json\/wp\/v2\/pages\/2544","targetHints":{"allow":["GET"]}}],"collection":[{"href":"https:\/\/wogwulaw.com\/es\/wp-json\/wp\/v2\/pages"}],"about":[{"href":"https:\/\/wogwulaw.com\/es\/wp-json\/wp\/v2\/types\/page"}],"author":[{"embeddable":true,"href":"https:\/\/wogwulaw.com\/es\/wp-json\/wp\/v2\/users\/6"}],"replies":[{"embeddable":true,"href":"https:\/\/wogwulaw.com\/es\/wp-json\/wp\/v2\/comments?post=2544"}],"version-history":[{"count":0,"href":"https:\/\/wogwulaw.com\/es\/wp-json\/wp\/v2\/pages\/2544\/revisions"}],"wp:attachment":[{"href":"https:\/\/wogwulaw.com\/es\/wp-json\/wp\/v2\/media?parent=2544"}],"curies":[{"name":"wp","href":"https:\/\/api.w.org\/{rel}","templated":true}]}}