{"id":2548,"date":"2024-01-18T11:53:24","date_gmt":"2024-01-18T16:53:24","guid":{"rendered":"https:\/\/wogwulaw.com\/vawa-violence-against-women-act-lawyer\/"},"modified":"2024-04-11T23:50:09","modified_gmt":"2024-04-12T03:50:09","slug":"ley-de-violencia-contra-la-mujer-vawa-abogado","status":"publish","type":"page","link":"https:\/\/wogwulaw.com\/es\/ley-de-violencia-contra-la-mujer-vawa-abogado\/","title":{"rendered":"Ley de Violencia Contra la Mujer (VAWA) Abogado"},"content":{"rendered":"\n\n\t\t\t\t<img decoding=\"async\" src=\"https:\/\/wogwulaw.com\/wp-content\/uploads\/2024\/01\/vawa-1.jpeg\" alt=\"vawa 1\" itemprop=\"image\" height=\"986\" width=\"1480\" title=\"vawa 1\" onerror=\"this.style.display='none'\"  \/>\n<h1>\n\t\tLey de Violencia Contra la Mujer (VAWA) Abogado\n\t<\/h1>\n\t<p>La Ley de Violencia Contra la Mujer (VAWA) ofrece un rayo de esperanza para las personas que sufren abuso. Como una disposici\u00f3n cr\u00edtica, VAWA permite que ciertos inmigrantes, incluidos c\u00f3nyuges e hijos de ciudadanos estadounidenses o residentes legales permanentes, presenten una auto petici\u00f3n de estatus legal en los Estados Unidos, evitando al abusador. En Wogwu Law, brindamos asistencia emp\u00e1tica y discreta a aquellos que buscan libertad y seguridad a trav\u00e9s de VAWA.<\/p>\n<h2>Elegibilidad para VAWA<\/h2>\n<p>La elegibilidad para la Ley de Violencia Contra la Mujer (VAWA) es un aspecto esencial para las personas que buscan alivio del abuso y obtener estatus legal en los Estados Unidos. A continuaci\u00f3n, se detalla el criterio general de elegibilidad para VAWA:<\/p>\n<ul>\n<li><b>Relaci\u00f3n con el Abusador:<\/b> VAWA cubre principalmente a las personas que han sido v\u00edctimas de abuso por parte de un ciudadano estadounidense o residente legal permanente (LPR). Las personas elegibles generalmente incluyen:\n<ul>\n<li><b>C\u00f3nyuges:<\/b> Puede presentar una solicitud si est\u00e1 o estuvo casado con un abusador ciudadano estadounidense o LPR. Esto tambi\u00e9n incluye a las personas que cre\u00edan estar legalmente casadas con su abusador, pero el matrimonio no era leg\u00edtimo debido al fraude del abusador.<\/li>\n<li><b>Hijos:<\/b> Pueden aplicar los solteros menores de 21 a\u00f1os que hayan sido abusados por un padre o madre ciudadano estadounidense o LPR. En algunos casos, el l\u00edmite de edad se puede extender a 25 a\u00f1os si el abuso es la raz\u00f3n del retraso en la presentaci\u00f3n de la solicitud.<\/li>\n<li><b>Padres:<\/b> Si usted es el padre de un hijo que ha sido abusado por su c\u00f3nyuge ciudadano estadounidense o LPR, o si usted es el padre de un hijo ciudadano estadounidense y ha sido utilizado por su hijo ciudadano estadounidense, puede ser elegible.<\/li>\n<\/ul>\n<\/li>\n<li><b>Evidencia de Abuso:<\/b> Los solicitantes deben proporcionar pruebas de haber sido sometidos a crueldad extrema o agresi\u00f3n. Esto puede incluir violencia f\u00edsica, abuso emocional o psicol\u00f3gico, abuso sexual, control financiero, aislamiento, intimidaci\u00f3n u otras formas de maltrato.<\/li>\n<li><b>Residencia con el Abusador:<\/b> En muchos casos, debe haber residido con el abusador en alg\u00fan momento. Este no es un requisito estricto, especialmente en los casos en que vivir con el abusador hubiera sido inseguro, pero es un aspecto com\u00fan de muchas aplicaciones.<\/li>\n<\/ul>\n<p><b>Ciudadan\u00eda o Residencia del Abusador:<\/b> El abusador debe ser ciudadano estadounidense o residente legal permanente. Si el abusador pierde su ciudadan\u00eda o estado de residente permanente debido a un incidente relacionado con la violencia dom\u00e9stica, a\u00fan puede calificar.<\/p>\n\t\t\t\t<img decoding=\"async\" src=\"https:\/\/wogwulaw.com\/wp-content\/uploads\/2024\/01\/vawa-2.jpeg\" alt=\"vawa 2\" itemprop=\"image\" height=\"1036\" width=\"740\" title=\"vawa 2\" onerror=\"this.style.display='none'\"  \/>\n\t<h2>Protecci\u00f3n Legal y Seguridad<\/h2>\n<ul>\n<li><b>Protecci\u00f3n Legal para V\u00edctimas Inmigrantes de Violencia Dom\u00e9stica:<\/b> Uno de los prop\u00f3sitos principales de VAWA es ofrecer protecci\u00f3n a los inmigrantes que son v\u00edctimas de violencia dom\u00e9stica, principalmente cuando su estatus migratorio en los Estados Unidos depende de su relaci\u00f3n con el abusador. Esta situaci\u00f3n a menudo crea un desequilibrio de poder, donde el abusador puede usar su control sobre el estatus migratorio de la v\u00edctima como un medio de manipulaci\u00f3n y coerci\u00f3n. VAWA interviene en este escenario proporcionando una v\u00eda legal para que estas v\u00edctimas obtengan un estatus migratorio independiente, separado de su abusador.<\/li>\n<li><b>Establecimiento de una Direcci\u00f3n Segura:<\/b> Al solicitar beneficios bajo VAWA, las v\u00edctimas pueden proporcionar una \u00abdirecci\u00f3n segura\u00bb. Esta direcci\u00f3n se utiliza para toda la correspondencia relacionada con su solicitud y no se divulga al abusador. El uso de una direcci\u00f3n segura es vital ya que ayuda a proteger al solicitante de futuros da\u00f1os o interferencias por parte del abusador, especialmente en situaciones en las que cualquier forma de contacto puede conducir a una escalada del abuso o represalias.<\/li>\n<li><b>Confidencialidad e Independencia en la Auto Petici\u00f3n:<\/b> VAWA permite a las v\u00edctimas auto peticionar por estatus legal en los EE. UU. sin el conocimiento o la participaci\u00f3n de su abusador. Este aspecto de la ley es fundamental porque mantiene la confidencialidad del proceso de solicitud. No se notifica al abusador sobre la solicitud de la v\u00edctima, lo que ayuda a proteger a la v\u00edctima de posibles reacciones o represalias.<\/li>\n<\/ul>\n<h2>El Proceso de Solicitud VAWA<\/h2>\n<p>Solicitar alivio bajo VAWA implica preparar y enviar el Formulario I-360, Petici\u00f3n para Amerasi\u00e1tico, Viudo(a) o Inmigrante Especial. Nuestro equipo lo ayuda a reunir la documentaci\u00f3n necesaria, como evidencia de la relaci\u00f3n y el abuso, al tiempo que garantiza su seguridad y privacidad durante todo el proceso.<\/p>\n<h2>Impacto de VAWA en su Estatus Migratorio<\/h2>\n<p>La aprobaci\u00f3n de una petici\u00f3n VAWA puede conducir a la residencia legal permanente (Tarjeta Verde). Lo guiaremos a trav\u00e9s de los pasos posteriores, incluido el ajuste de estatus y, eventualmente, la solicitud de ciudadan\u00eda. Nuestro apoyo contin\u00faa m\u00e1s all\u00e1 de la aprobaci\u00f3n de su petici\u00f3n VAWA, asegur\u00e1ndole que tenga la orientaci\u00f3n legal necesaria para un futuro seguro en los Estados Unidos.<\/p>\n<h2>Lo que Distingue a Wogwu Law en Casos VAWA<\/h2>\n<p>En Wogwu Law, comprendemos la sensibilidad que rodea los casos VAWA. Nuestro enfoque no se trata solo de representaci\u00f3n legal; se trata de brindar un entorno solidario y seguro para nuestros clientes. Manejamos cada caso con discreci\u00f3n, empat\u00eda y un profundo compromiso para ayudarlo a comenzar una nueva vida libre de abuso.<\/p>\n<h2>Asegure su Seguridad y Futuro con Wogwu Law<\/h2>\n<p>Si usted o alguien que conoce enfrenta abuso y necesita un estatus legal en los EE. UU., comun\u00edquese con nosotros. P\u00f3ngase en contacto con Wogwu Law hoy mismo al <a href=\"tel:210-801-9864\">210-801-9864<\/a> o <a href=\"https:\/\/wogwulaw.com\/contact\/\">cont\u00e1ctenos en l\u00ednea<\/a> para programar una consulta confidencial con un abogado de inmigraci\u00f3n especializado. Estamos aqu\u00ed para ayudarlo a atravesar el proceso VAWA con compasi\u00f3n y experiencia.<\/p>\n<h1>\n\t\t\u00bfNecesita Representaci\u00f3n Legal?\n\t<\/h1>\n\t<p>Ayudamos a nuestros compa\u00f1eros inmigrantes a obtener su estatus legal para que puedan vivir sin miedo: hazlo bien desde la primera vez con un abogado de inmigraci\u00f3n experimentado. Nuestro equipo representa a clientes de inmigraci\u00f3n que viven en los cincuenta estados y en el extranjero.<\/p>\n\t\t\t<a href=\"https:\/\/calendly.com\/lisawogwu\" target=\"_blank\" rel=\"noopener\">\n\t\t\t\t\t\t\tPrograme una Consulta\n\t\t\t\t\t<\/a>\n\t<p>O Complete el Formulario<\/p>\n\t\n<div class=\"wpcf7 no-js\" id=\"wpcf7-f2363-o1\" lang=\"es-ES\" dir=\"ltr\" data-wpcf7-id=\"2363\">\n<div class=\"screen-reader-response\"><p role=\"status\" aria-live=\"polite\" aria-atomic=\"true\"><\/p> <ul><\/ul><\/div>\n<form action=\"\/es\/wp-json\/wp\/v2\/pages\/2548#wpcf7-f2363-o1\" method=\"post\" class=\"wpcf7-form init\" aria-label=\"Formulario de contacto\" novalidate=\"novalidate\" data-status=\"init\">\n<fieldset class=\"hidden-fields-container\"><input type=\"hidden\" name=\"_wpcf7\" value=\"2363\" \/><input type=\"hidden\" name=\"_wpcf7_version\" value=\"6.1.5\" \/><input type=\"hidden\" name=\"_wpcf7_locale\" value=\"es_ES\" \/><input type=\"hidden\" name=\"_wpcf7_unit_tag\" value=\"wpcf7-f2363-o1\" \/><input type=\"hidden\" name=\"_wpcf7_container_post\" value=\"0\" \/><input type=\"hidden\" name=\"_wpcf7_posted_data_hash\" value=\"\" \/>\n<\/fieldset>\n<p><span class=\"wpcf7-form-control-wrap\" data-name=\"your-name\"><input size=\"40\" maxlength=\"400\" class=\"wpcf7-form-control wpcf7-text wpcf7-validates-as-required\" autocomplete=\"name\" aria-required=\"true\" aria-invalid=\"false\" placeholder=\"Nombre y Apellido\" value=\"\" type=\"text\" name=\"your-name\" \/><\/span><span class=\"wpcf7-form-control-wrap\" data-name=\"your-phone\"><input size=\"40\" maxlength=\"400\" class=\"wpcf7-form-control wpcf7-text wpcf7-validates-as-required\" aria-required=\"true\" aria-invalid=\"false\" placeholder=\"N\u00famero de Tel\u00e9fono\" value=\"\" type=\"text\" name=\"your-phone\" \/><\/span><span class=\"wpcf7-form-control-wrap\" data-name=\"your-email\"><input size=\"40\" maxlength=\"400\" class=\"wpcf7-form-control wpcf7-email wpcf7-validates-as-required wpcf7-text wpcf7-validates-as-email\" autocomplete=\"email\" aria-required=\"true\" aria-invalid=\"false\" placeholder=\"Correo Electr\u00f3nico\" value=\"\" type=\"email\" name=\"your-email\" \/><\/span><span class=\"wpcf7-form-control-wrap\" data-name=\"your-message\"><textarea cols=\"40\" rows=\"10\" maxlength=\"2000\" class=\"wpcf7-form-control wpcf7-textarea wpcf7-validates-as-required\" aria-required=\"true\" aria-invalid=\"false\" placeholder=\"Ind\u00edquenos, por favor, cu\u00e1l es el tema que desea tratar.\" name=\"your-message\"><\/textarea><\/span><input class=\"wpcf7-form-control wpcf7-submit has-spinner\" type=\"submit\" value=\"Enviar\" \/>\n<\/p><p style=\"display: none !important;\" class=\"akismet-fields-container\" data-prefix=\"_wpcf7_ak_\"><label>&#916;<textarea name=\"_wpcf7_ak_hp_textarea\" cols=\"45\" rows=\"8\" maxlength=\"100\"><\/textarea><\/label><input type=\"hidden\" id=\"ak_js_1\" name=\"_wpcf7_ak_js\" value=\"148\"\/><script>document.getElementById( \"ak_js_1\" ).setAttribute( \"value\", ( new Date() ).getTime() );<\/script><\/p><input type='hidden' class='wpcf7-pum' value='{\"closepopup\":false,\"closedelay\":0,\"openpopup\":false,\"openpopup_id\":0}' \/><div class=\"wpcf7-response-output\" aria-hidden=\"true\"><\/div>\n<\/form>\n<\/div>\n\n\n","protected":false},"excerpt":{"rendered":"<p>Ley de Violencia Contra la Mujer (VAWA) Abogado La Ley de Violencia Contra la Mujer (VAWA) ofrece un rayo de esperanza para las personas que sufren abuso. Como una disposici\u00f3n cr\u00edtica, VAWA permite que ciertos inmigrantes, incluidos c\u00f3nyuges e hijos de ciudadanos estadounidenses o residentes legales permanentes, presenten una auto petici\u00f3n de estatus legal en&hellip;<\/p>\n","protected":false},"author":6,"featured_media":0,"parent":0,"menu_order":0,"comment_status":"closed","ping_status":"closed","template":"","meta":{"inline_featured_image":false,"footnotes":""},"class_list":["post-2548","page","type-page","status-publish","hentry"],"_links":{"self":[{"href":"https:\/\/wogwulaw.com\/es\/wp-json\/wp\/v2\/pages\/2548","targetHints":{"allow":["GET"]}}],"collection":[{"href":"https:\/\/wogwulaw.com\/es\/wp-json\/wp\/v2\/pages"}],"about":[{"href":"https:\/\/wogwulaw.com\/es\/wp-json\/wp\/v2\/types\/page"}],"author":[{"embeddable":true,"href":"https:\/\/wogwulaw.com\/es\/wp-json\/wp\/v2\/users\/6"}],"replies":[{"embeddable":true,"href":"https:\/\/wogwulaw.com\/es\/wp-json\/wp\/v2\/comments?post=2548"}],"version-history":[{"count":0,"href":"https:\/\/wogwulaw.com\/es\/wp-json\/wp\/v2\/pages\/2548\/revisions"}],"wp:attachment":[{"href":"https:\/\/wogwulaw.com\/es\/wp-json\/wp\/v2\/media?parent=2548"}],"curies":[{"name":"wp","href":"https:\/\/api.w.org\/{rel}","templated":true}]}}