{"id":6969,"date":"2021-07-20T11:08:39","date_gmt":"2021-07-20T15:08:39","guid":{"rendered":"https:\/\/wogwulaw.com\/abogados-de-inmigracion\/green-cards\/"},"modified":"2024-05-01T23:47:18","modified_gmt":"2024-05-02T03:47:18","slug":"green-cards","status":"publish","type":"page","link":"https:\/\/wogwulaw.com\/es\/abogados-de-inmigracion\/green-cards\/","title":{"rendered":"Tarjetas Verdes \u201cGreen Card\u201d y Residencia Permanente en San Antonio"},"content":{"rendered":"\n\n\t\t\t\t<img decoding=\"async\" src=\"https:\/\/wogwulaw.com\/wp-content\/uploads\/2021\/07\/green-card-raleigh-wake-county.jpg\" alt=\"Woman of african descent standing in front of shrubs - for information on Green Cards and immigration\" itemprop=\"image\" height=\"550\" width=\"371\" title=\"eligible-gc\" onerror=\"this.style.display='none'\"  \/>\n<h1>\n\t\tTarjetas Verdes \u00abGreen Card\u00bb y Residencia Permanente en San Antonio\n\t<\/h1>\n\t<p>Una Tarjeta Verde \u00abGreen Card\u00bbtambi\u00e9n se conoce como Tarjeta de Residencia Permanente. Le permite vivir y trabajar en los Estados Unidos de manera permanente. Lisa Wogwu es una abogada de inmigraci\u00f3n de San Antonio que ofrece una gu\u00eda compasiva y completa para ayudarlo a ajustar su estado con el proceso de la Tarjeta Verde \u00abGreen Card\u00bb. Lo ayudaremos a determinar si es elegible para presentar una solicitud. Y haremos que sea m\u00e1s f\u00e1cil para usted comprender y completar el proceso.<\/p>\n<h2>Categor\u00edas de Elegibilidad para la Tarjeta Verde \u00abGreen Card\u00bb<\/h2>\n<p>El sitio web de USCIS enumera las categor\u00edas de elegibilidad para la Tarjeta Verde \u00abGreen Card\u00bb, que incluyen:<\/p>\n<ul>\n<li>Familia<\/li>\n<li>Empleo<\/li>\n<li>Inmigrante especial<\/li>\n<li>Refugiado o asilado<\/li>\n<li>V\u00edctimas de trata de personas, cr\u00edmenes y abuso<\/li>\n<li>Registro<\/li>\n<li>Otras categor\u00edas<\/li>\n<\/ul>\n<h2>Tarjeta Verde \u00abGreen Card\u00bb a Trav\u00e9s de su Familia<\/h2>\n<p>Puede ser elegible para ajustar su estado y solicitar una Tarjeta Verde \u00abGreen Card\u00bb a trav\u00e9s de un familiar seg\u00fan su parentesco con un ciudadano estadounidense. Y en algunos casos, puede ser elegible para una Tarjeta Verde \u00abGreen Card\u00bb como familiar de un residente legal permanente (titular de la Tarjeta Verde \u00abGreen Card\u00bb).<\/p>\n<h2>Familiares que pueden ser elegibles para presentar una solicitud<\/h2>\n<ul>\n<li>Familiares inmediatos de ciudadanos estadounidenses &#8211; C\u00f3nyuge, hijo soltero menor de 21 a\u00f1os o padre de un ciudadano estadounidense que tenga al menos 21 a\u00f1os<\/li>\n<li>Otros familiares (reciben una prioridad m\u00e1s baja que los familiares inmediatos) &#8211; En esta categor\u00eda, los familiares potencialmente elegibles para ciudadanos estadounidenses y residentes legales permanentes difieren.<\/li>\n<\/ul>\n<p>Otros familiares de un ciudadano estadounidense incluyen:<\/p>\n<ul>\n<li>Hijo soltero, de 21 a\u00f1os o m\u00e1s<\/li>\n<li>Hijo casado<\/li>\n<li>Hermano o hermana, de al menos 21 a\u00f1os<\/li>\n<\/ul>\n<p>Otros familiares de un residente legal permanente incluyen:<\/p>\n<ul>\n<li>C\u00f3nyuge<\/li>\n<li>Hijo soltero menor de 21 a\u00f1os<\/li>\n<li>Hijo soltero, de 21 a\u00f1os o m\u00e1s<\/li>\n<li>Prometido(a) o el hijo(a) del prometido(a) de un ciudadano estadounidense\n<ul>\n<li>Prometido(a) &#8211; Puede ser admitido con una visa de no inmigrante K-1<\/li>\n<li>Hijo(a) del prometido(a) &#8211; Puede ser admitido con una visa de no inmigrante K-2<\/li>\n<\/ul>\n<\/li>\n<li>Visite nuestra p\u00e1gina de visa K-1 para prometidos(as) para obtener m\u00e1s detalles.<\/li>\n<li>Viudo(a) de un ciudadano estadounidense &#8211; Puede ser elegible para una Tarjeta Verde \u00abGreen Card\u00bb si estaba casado con un ciudadano estadounidense cuando falleci\u00f3.<\/li>\n<li>V\u00edctima de la Ley de Violencia Contra las Mujeres (VAWA)<\/li>\n<li>Familia de un ciudadano estadounidense\n<ul>\n<li>C\u00f3nyuge maltratado, padre o hijo soltero menor de 21 a\u00f1os<\/li>\n<\/ul>\n<\/li>\n<li>Familia de un residente legal permanente\n<ul>\n<li>C\u00f3nyuge maltratado o hijo soltero menor de 21 a\u00f1os<\/li>\n<\/ul>\n<\/li>\n<\/ul>\n\t\t\t\t<img decoding=\"async\" src=\"https:\/\/wogwulaw.com\/wp-content\/uploads\/2021\/07\/green-card-employer-raleigh-nc.jpg\" alt=\"Two female scientists in the lab - for information on employer sponsored green cards\" itemprop=\"image\" height=\"365\" width=\"500\" onerror=\"this.style.display='none'\"  \/>\n\t<h2>Tarjeta Verde \u00abGreen Card\u00bb Basada en el Empleo<\/h2>\n<p>Cada a\u00f1o, Estados Unidos pone a disposici\u00f3n un n\u00famero limitado de Tarjetas Verdes patrocinadas por empleadores. Pero un empleador debe demostrar que no puede encontrar suficientes trabajadores calificados en la poblaci\u00f3n estadounidense.<\/p>\n<h2>Trabajador Inmigrante<\/h2>\n<p>Puede solicitar una Tarjeta Verde \u00abGreen Card\u00bb a trav\u00e9s de un empleador a trav\u00e9s de una de las categor\u00edas de preferencia que define el USCIS.<\/p>\n<h2>Trabajadores de primera preferencia para una visa permanente<\/h2>\n<p>Los trabajadores de primera preferencia que pueden ser elegibles para la Tarjeta Verde \u00abGreen Card\u00bbincluyen:<\/p>\n<ul>\n<li>Profesionales en ciencias, artes, educaci\u00f3n, negocios o atletismo con habilidades extraordinarias<\/li>\n<li>Profesores o investigadores destacados<\/li>\n<li>Gerentes o ejecutivos de empresas multinacionales<\/li>\n<\/ul>\n<h2>Trabajadores de segunda preferencia para una visa permanente<\/h2>\n<p>Los trabajadores inmigrantes de segunda preferencia que pueden ser elegibles para la Tarjeta Verde \u00abGreen Card\u00bbincluyen:<\/p>\n<ul>\n<li>Profesionales con t\u00edtulos avanzados o habilidades excepcionales. O bien, el profesional puede proporcionar evidencia de que su funci\u00f3n est\u00e1 directamente relacionada con los intereses nacionales de EE. UU.<\/li>\n<\/ul>\n<h2>Trabajadores de tercera preferencia para una visa permanente<\/h2>\n<p>Los trabajadores inmigrantes de tercera preferencia que pueden ser elegibles para la Tarjeta Verde \u00abGreen Card\u00bb incluyen:<\/p>\n<ul>\n<li>Trabajadores calificados &#8211; Requiere al menos dos a\u00f1os de educaci\u00f3n, capacitaci\u00f3n o experiencia<\/li>\n<li>Trabajadores profesionales &#8211; Requiere al menos una licenciatura o un t\u00edtulo equivalente extranjero<\/li>\n<li>Trabajadores no calificados &#8211; Requiere menos de dos a\u00f1os de capacitaci\u00f3n o educaci\u00f3n<\/li>\n<\/ul>\n<h2>Exenci\u00f3n de Inter\u00e9s Nacional para M\u00e9dicos<\/h2>\n<p>Como m\u00e9dico, acepta cumplir con los requisitos de elegibilidad y trabajar a tiempo completo en un \u00e1rea desatendida.<\/p>\n<h2>Inmigrante Inversionista<\/h2>\n<p>Como inversionista que solicita una Tarjeta Verde \u00abGreen Card\u00bb, debe:<\/p>\n<ul>\n<li>Invertir no menos del m\u00ednimo requerido en una empresa comercial estadounidense.<\/li>\n<li>Planear crear o preservar al menos diez empleos regulares a tiempo completo para trabajadores estadounidenses.<\/li>\n<li>Adem\u00e1s, su c\u00f3nyuge e hijos solteros menores de 21 a\u00f1os tambi\u00e9n pueden ser elegibles para presentar una solicitud.<\/li>\n<\/ul>\n<h2>Tarjeta Verde \u00abGreen Card\u00bb para Inmigrantes Especiales<\/h2>\n<p>La Tarjeta Verde \u00abGreen Card\u00bbpara inmigrantes especiales\u00a0 incluye trabajadores y no trabajadores con circunstancias especiales o \u00fanicas.<\/p>\n<p>Algunos ejemplos incluyen:<\/p>\n<ul>\n<li>Trabajadores religiosos para organizaciones religiosas sin fines de lucro<\/li>\n<li>Menores inmigrantes especiales que fueron abusados, abandonados o descuidados por un padre<\/li>\n<li>Ciudadanos de Afganist\u00e1n o Irak que cumplan con criterios espec\u00edficos<\/li>\n<\/ul>\n<p>Puede obtener detalles sobre la elegibilidad para la Tarjeta Verde \u00abGreen Card\u00bbde Inmigrante Especial en el sitio web de USCIS.<\/p>\n<h2>Tarjeta Verde \u00abGreen Card\u00bb para Asilado o Refugiado<\/h2>\n<p>Puede ser elegible para solicitar una Tarjeta Verde para asilado o refugiado si se cumple lo siguiente:<\/p>\n<ul>\n<li>Asilado: Se le otorg\u00f3 asilo hace al menos un a\u00f1o.<\/li>\n<li>Refugiado: Ha estado presente en los EE. UU. durante al menos un a\u00f1o.<\/li>\n<\/ul>\n<h2>Tarjeta Verde para V\u00edctima de Trata de Personas y Delitos<\/h2>\n<p>Su elegibilidad para ajustar su estado y solicitar una Tarjeta Verde como v\u00edctima de trata de personas o delitos se basa en los requisitos que define USCIS. La abogada Lisa Wogwu de San Antonio puede ayudarlo a determinar si es elegible.<\/p>\n<ul>\n<li>Solicitud de Tarjeta Verde para v\u00edctima de trata de personas: Si es v\u00edctima de trata de personas, tambi\u00e9n debe tener estatus de no inmigrante T-1 y cumplir con los requisitos de USCIS.<\/li>\n<li>Solicitud de Tarjeta Verde para v\u00edctima de delitos: Si es v\u00edctima de un delito, tambi\u00e9n debe tener estatus de no inmigrante U y cumplir con los requisitos de USCIS.<\/li>\n<\/ul>\n<h2>Tarjeta Verde \u00abGreen Card\u00bb para V\u00edctimas de Abuso<\/h2>\n<p>Si usted es v\u00edctima de abuso, puede ser elegible para solicitar una Tarjeta Verde \u00abGreen Card\u00bbseg\u00fan los siguientes criterios:<\/p>\n<ul>\n<li><b>Auto-solicitante de la Ley de Violencia Contra las Mujeres (VAWA):<\/b> Como v\u00edctima de VAWA, puede calificar para solicitar una Tarjeta Verde \u00abGreen Card\u00bb si es:\n<ul>\n<li>C\u00f3nyuge, padre o hijo soltero menor de 21 a\u00f1os de un ciudadano estadounidense<\/li>\n<li>C\u00f3nyuge o hijo soltero menor de 21 a\u00f1os de un residente legal permanente<\/li>\n<\/ul>\n<\/li>\n<li><b>Menor Inmigrante Especial:<\/b> Puede calificar para presentar una solicitud si tiene estatus de Menor Inmigrante Especial y ha sido abusado, abandonado o descuidado por su padre.<\/li>\n<li><b>V\u00edctima bajo la Ley de Ajuste Cubano:<\/b> Puede calificar si es un c\u00f3nyuge o hijo maltratado de un nativo o ciudadano cubano.<\/li>\n<li><b>V\u00edctima bajo la Ley de Equidad para Inmigrantes Refugiados Haitianos (HRIFA):<\/b> Si es un c\u00f3nyuge o hijo maltratado de un residente legal permanente que recibi\u00f3 su Tarjeta Verde \u00abGreen Card\u00bb basada en HRIFA, puede ser elegible para solicitar una Tarjeta Verde \u00abGreen Card\u00bb.<\/li>\n<\/ul>\n<h2>Otras Categor\u00edas de Elegibilidad para la Tarjeta Verde \u00abGreen Card\u00bb<\/h2>\n<p>Existen otras categor\u00edas que pueden ser elegibles para la Tarjeta Verde \u00abGreen Card\u00bb, incluyendo:<\/p>\n<ul>\n<li>Ind\u00edgena americano nacido en Canad\u00e1<\/li>\n<li>Nacido en Estados Unidos de un diplom\u00e1tico extranjero<\/li>\n<li>C\u00f3nyuge o hijo maltratado de la Ley de Ajuste Cubano<\/li>\n<li>Programa de Visas de Diversidad para Inmigrantes (loter\u00eda de visas)<\/li>\n<li>Patrocinio para la Tarjeta Verde<\/li>\n<li>Dependiente con estatus HRIFA<\/li>\n<li>C\u00f3nyuge o hijo maltratado con estatus HRIFA<\/li>\n<li>Ley de Ajuste de Refugiados Indochinos de 2000<\/li>\n<li>Liberado bajo palabra de Lautenberg<\/li>\n<li>Ley de Equidad para Inmigrantes Refugiados Liberianos (LRIF)<\/li>\n<li>Secci\u00f3n 13 (diplom\u00e1tico)<\/li>\n<li>Registro de Tarjeta Verde \u00abGreen Card\u00bb<\/li>\n<\/ul>\n<p>Puede ser elegible para registrarse para una Tarjeta Verde \u00abGreen Card\u00bb si lleg\u00f3 a los EE. UU. antes del 1 de enero de 1972 y residi\u00f3 continuamente en los EE. UU.\u00a0 Adem\u00e1s, debe cumplir con otros criterios de elegibilidad definidos por USCIS.<\/p>\n<h2>Patrocinio para la Tarjeta Verde \u00abGreen Card\u00bb<\/h2>\n<p>El USCIS permite que los ciudadanos estadounidenses y los residentes legales permanentes sirvan como patrocinadores de la Tarjeta Verde \u00abGreen Card\u00bb. Seg\u00fan su estado como ciudadano o residente permanente y otros factores, el USCIS determina si es elegible para patrocinar a un familiar, empleado o inmigrante especial. Pero debe estar dispuesto a proporcionar una Declaraci\u00f3n Jurada de Apoyo y asumir la responsabilidad financiera de la persona que patrocina. Si bien el proceso puede ser largo y complicado, Wogwu Law de San Antonio puede ayudarlo a determinar su elegibilidad.<\/p>\n<h2>Consulte con un Abogado de Tarjeta Verde \u00abGreen Card\u00bb de San Antonio<\/h2>\n<p>La solicitud o el patrocinio de la Tarjeta Verde puede llevar mucho tiempo y ser dif\u00edcil de entender y navegar. Pero consultar con un abogado de Tarjeta Verde de San Antonio es la mejor manera de saber si es elegible y asegurarse de que est\u00e1 avanzando en el proceso de solicitud.<\/p>\n<p>En Wogwu Law, lo ayudaremos a:<\/p>\n<ul>\n<li>Determinar su elegibilidad<\/li>\n<li>Asegurar que tenga los documentos necesarios para presentar la solicitud<\/li>\n<li>Guiarlo para completar su solicitud<\/li>\n<li>Evitar errores, retrasos y denegaciones<\/li>\n<li>Responder sus preguntas y discutir sus inquietudes<\/li>\n<\/ul>\n<p><a href=\"tel:919-964-5472\">Ll\u00e1menos<\/a> o <a href=\"https:\/\/wogwulaw.com\/contact\/\">complete nuestro formulario de contacto<\/a> para programar una consulta sobre la Tarjeta Verde \u00abGreen Card\u00bb.<\/p>\n<h1>\n\t\t\u00bfNecesita Representaci\u00f3n Legal?\n\t<\/h1>\n\t<p>Ayudamos a nuestros compa\u00f1eros inmigrantes a obtener su estatus legal para que puedan vivir sin miedo: hazlo bien desde la primera vez con un abogado de inmigraci\u00f3n experimentado. Nuestro equipo representa a clientes de inmigraci\u00f3n que viven en los cincuenta estados y en el extranjero.<\/p>\n\t\t\t<a href=\"https:\/\/calendly.com\/lisawogwu\" target=\"_blank\" rel=\"noopener\">\n\t\t\t\t\t\t\tPrograme una Consulta\n\t\t\t\t\t<\/a>\n\t<p>O Complete el Formulario<\/p>\n\t\n<div class=\"wpcf7 no-js\" id=\"wpcf7-f2363-o1\" lang=\"es-ES\" dir=\"ltr\" data-wpcf7-id=\"2363\">\n<div class=\"screen-reader-response\"><p role=\"status\" aria-live=\"polite\" aria-atomic=\"true\"><\/p> <ul><\/ul><\/div>\n<form action=\"\/es\/wp-json\/wp\/v2\/pages\/6969#wpcf7-f2363-o1\" method=\"post\" class=\"wpcf7-form init\" aria-label=\"Formulario de contacto\" novalidate=\"novalidate\" data-status=\"init\">\n<fieldset class=\"hidden-fields-container\"><input type=\"hidden\" name=\"_wpcf7\" value=\"2363\" \/><input type=\"hidden\" name=\"_wpcf7_version\" value=\"6.1.5\" \/><input type=\"hidden\" name=\"_wpcf7_locale\" value=\"es_ES\" \/><input type=\"hidden\" name=\"_wpcf7_unit_tag\" value=\"wpcf7-f2363-o1\" \/><input type=\"hidden\" name=\"_wpcf7_container_post\" value=\"0\" \/><input type=\"hidden\" name=\"_wpcf7_posted_data_hash\" value=\"\" \/>\n<\/fieldset>\n<p><span class=\"wpcf7-form-control-wrap\" data-name=\"your-name\"><input size=\"40\" maxlength=\"400\" class=\"wpcf7-form-control wpcf7-text wpcf7-validates-as-required\" autocomplete=\"name\" aria-required=\"true\" aria-invalid=\"false\" placeholder=\"Nombre y Apellido\" value=\"\" type=\"text\" name=\"your-name\" \/><\/span><span class=\"wpcf7-form-control-wrap\" data-name=\"your-phone\"><input size=\"40\" maxlength=\"400\" class=\"wpcf7-form-control wpcf7-text wpcf7-validates-as-required\" aria-required=\"true\" aria-invalid=\"false\" placeholder=\"N\u00famero de Tel\u00e9fono\" value=\"\" type=\"text\" name=\"your-phone\" \/><\/span><span class=\"wpcf7-form-control-wrap\" data-name=\"your-email\"><input size=\"40\" maxlength=\"400\" class=\"wpcf7-form-control wpcf7-email wpcf7-validates-as-required wpcf7-text wpcf7-validates-as-email\" autocomplete=\"email\" aria-required=\"true\" aria-invalid=\"false\" placeholder=\"Correo Electr\u00f3nico\" value=\"\" type=\"email\" name=\"your-email\" \/><\/span><span class=\"wpcf7-form-control-wrap\" data-name=\"your-message\"><textarea cols=\"40\" rows=\"10\" maxlength=\"2000\" class=\"wpcf7-form-control wpcf7-textarea wpcf7-validates-as-required\" aria-required=\"true\" aria-invalid=\"false\" placeholder=\"Ind\u00edquenos, por favor, cu\u00e1l es el tema que desea tratar.\" name=\"your-message\"><\/textarea><\/span><input class=\"wpcf7-form-control wpcf7-submit has-spinner\" type=\"submit\" value=\"Enviar\" \/>\n<\/p><p style=\"display: none !important;\" class=\"akismet-fields-container\" data-prefix=\"_wpcf7_ak_\"><label>&#916;<textarea name=\"_wpcf7_ak_hp_textarea\" cols=\"45\" rows=\"8\" maxlength=\"100\"><\/textarea><\/label><input type=\"hidden\" id=\"ak_js_1\" name=\"_wpcf7_ak_js\" value=\"244\"\/><script>document.getElementById( \"ak_js_1\" ).setAttribute( \"value\", ( new Date() ).getTime() );<\/script><\/p><input type='hidden' class='wpcf7-pum' value='{\"closepopup\":false,\"closedelay\":0,\"openpopup\":false,\"openpopup_id\":0}' \/><div class=\"wpcf7-response-output\" aria-hidden=\"true\"><\/div>\n<\/form>\n<\/div>\n\n\n","protected":false},"excerpt":{"rendered":"<p>Tarjetas Verdes \u00abGreen Card\u00bb y Residencia Permanente en San Antonio Una Tarjeta Verde \u00abGreen Card\u00bbtambi\u00e9n se conoce como Tarjeta de Residencia Permanente. Le permite vivir y trabajar en los Estados Unidos de manera permanente. Lisa Wogwu es una abogada de inmigraci\u00f3n de San Antonio que ofrece una gu\u00eda compasiva y completa para ayudarlo a ajustar&hellip;<\/p>\n","protected":false},"author":2,"featured_media":0,"parent":2344,"menu_order":0,"comment_status":"closed","ping_status":"closed","template":"","meta":{"inline_featured_image":false,"footnotes":""},"class_list":["post-6969","page","type-page","status-publish","hentry"],"_links":{"self":[{"href":"https:\/\/wogwulaw.com\/es\/wp-json\/wp\/v2\/pages\/6969","targetHints":{"allow":["GET"]}}],"collection":[{"href":"https:\/\/wogwulaw.com\/es\/wp-json\/wp\/v2\/pages"}],"about":[{"href":"https:\/\/wogwulaw.com\/es\/wp-json\/wp\/v2\/types\/page"}],"author":[{"embeddable":true,"href":"https:\/\/wogwulaw.com\/es\/wp-json\/wp\/v2\/users\/2"}],"replies":[{"embeddable":true,"href":"https:\/\/wogwulaw.com\/es\/wp-json\/wp\/v2\/comments?post=6969"}],"version-history":[{"count":0,"href":"https:\/\/wogwulaw.com\/es\/wp-json\/wp\/v2\/pages\/6969\/revisions"}],"up":[{"embeddable":true,"href":"https:\/\/wogwulaw.com\/es\/wp-json\/wp\/v2\/pages\/2344"}],"wp:attachment":[{"href":"https:\/\/wogwulaw.com\/es\/wp-json\/wp\/v2\/media?parent=6969"}],"curies":[{"name":"wp","href":"https:\/\/api.w.org\/{rel}","templated":true}]}}