{"id":6975,"date":"2024-01-30T21:47:37","date_gmt":"2024-01-31T02:47:37","guid":{"rendered":"https:\/\/wogwulaw.com\/spousal-visas-cr1\/"},"modified":"2024-05-09T00:08:49","modified_gmt":"2024-05-09T04:08:49","slug":"visas-para-conyuges-cr1","status":"publish","type":"page","link":"https:\/\/wogwulaw.com\/es\/visas-para-conyuges-cr1\/","title":{"rendered":"Visas para C\u00f3nyuges &#8211; CR1"},"content":{"rendered":"\n\n\t\t\t\t<img decoding=\"async\" src=\"https:\/\/wogwulaw.com\/wp-content\/uploads\/2021\/09\/cr1-spouse-visa-immigration-attorney-north-carolina.jpg\" alt=\"Interracial couple outdoors smiling - for information on spouse visas from Raleigh, North Carolina immigration attorney Lisa Wogwu\" itemprop=\"image\" height=\"386\" width=\"500\" title=\"cr1-spouse-visa-immigration-attorney-north-carolina\" onerror=\"this.style.display='none'\"  \/>\n<h1>\n\t\tVisas para C\u00f3nyuges &#8211; CR1\n\t<\/h1>\n\t<h2>\u00bfQu\u00e9 es una Visa de C\u00f3nyuge CR1?<\/h2>\n<p>La visa de c\u00f3nyuge CR1 (Residente Condicional) es un tipo de visa de inmigrante basada en la familia en los Estados Unidos. Est\u00e1 dise\u00f1ado espec\u00edficamente para los c\u00f3nyuges extranjeros de ciudadanos estadounidenses. La visa CR1 difiere de las visas de no inmigrante en que est\u00e1 destinada a personas que buscan vivir permanentemente en los EE. UU. en lugar de una estad\u00eda temporal. Cuando a un c\u00f3nyuge extranjero se le otorga una visa CR1, puede ingresar a los Estados Unidos y obtener el estatus de residente permanente condicional. Este estado es \u00abcondicional\u00bb porque inicialmente solo tiene una validez de dos a\u00f1os. Este aspecto dependiente de la visa se implementa para garantizar que el matrimonio sea genuino y no solo para obtener beneficios de inmigraci\u00f3n.<\/p>\n<p>Durante el per\u00edodo de dos a\u00f1os de residencia condicional, la pareja debe permanecer casada y demostrar la autenticidad de su matrimonio. Hacia el final de los dos a\u00f1os, la pareja debe presentar conjuntamente una petici\u00f3n (utilizando el Formulario I-751) ante el Servicio de Ciudadan\u00eda e Inmigraci\u00f3n de los Estados Unidos (USCIS) para eliminar las condiciones de la residencia del c\u00f3nyuge extranjero. Si se aprueba, se eliminan las condiciones y el c\u00f3nyuge se convierte en residente permanente legal (LPR) de los Estados Unidos, com\u00fanmente conocido como titular de la tarjeta verde, sin ninguna condici\u00f3n adjunta a su estado.<\/p>\n<h2>Criterios de Elegibilidad para una Visa CR1<\/h2>\n<p>Para ser elegible para una visa CR1 (Residente Condicional), el peticionario ciudadano estadounidense y su c\u00f3nyuge extranjero deben cumplir con ciertos criterios espec\u00edficos. Estos requisitos est\u00e1n dise\u00f1ados para garantizar que el matrimonio sea genuino y que la visa se use para la reunificaci\u00f3n familiar. Aqu\u00ed est\u00e1n los criterios clave de elegibilidad para una visa CR1:<\/p>\n<ul>\n<li><b>Matrimonio V\u00e1lido:<\/b> El ciudadano estadounidense y el extranjero deben estar legalmente casados. El matrimonio debe ser v\u00e1lido donde se llev\u00f3 a cabo y debe ser reconocido como un matrimonio leg\u00edtimo seg\u00fan la ley estadounidense. Esto significa que se deben haber seguido todas las formalidades legales requeridas en el pa\u00eds donde se celebr\u00f3 el matrimonio.<\/li>\n<li><b>Prueba de Matrimonio de Buena Fe:<\/b> La pareja debe demostrar que su matrimonio es genuino y no se contrajo \u00fanicamente para obtener beneficios de inmigraci\u00f3n. Esto implica proporcionar evidencia de una relaci\u00f3n de buena fe, como registros financieros conjuntos, fotograf\u00edas juntos, propiedad conjunta, evidencia de experiencias de vida compartidas, declaraciones juradas de amigos y familiares y cualquier otro documento que pruebe la autenticidad de la relaci\u00f3n matrimonial.<\/li>\n<li><b>Ciudadan\u00eda Estadounidense del Peticionario:<\/b> El peticionario debe ser ciudadano estadounidense. Los residentes permanentes (titulares de la tarjeta verde) no son elegibles para solicitar una visa CR1, pero pueden solicitar un tipo diferente de visa de c\u00f3nyuge.<\/li>\n<li><b>Apoyo Financiero: <\/b>El peticionario ciudadano estadounidense debe demostrar la capacidad de mantener econ\u00f3micamente a su c\u00f3nyuge extranjero. Esto generalmente se hace a trav\u00e9s de una Declaraci\u00f3n de Apoyo (Formulario I-864), que muestra que el ingreso del peticionario est\u00e1 al 125% o m\u00e1s de las Pautas Federales de Pobreza. Este requisito asegura que el c\u00f3nyuge extranjero no se convierta en una carga p\u00fablica.<\/li>\n<li><b>Sin Impedimentos Legales para Contraer Matrimonio:<\/b> Tanto el ciudadano estadounidense como el c\u00f3nyuge extranjero deben ser legalmente libres para casarse. Esto significa que cualquier matrimonio anterior de cualquiera de las partes debe haber sido terminado legalmente mediante divorcio, muerte o anulaci\u00f3n.<\/li>\n<li><b>Encuentro en Persona: <\/b>Generalmente, la pareja debe haberse reunido en persona al menos una vez dentro de los dos a\u00f1os anteriores a la presentaci\u00f3n de la solicitud de visa. Las excepciones a este requisito son raras y generalmente se basan en dificultades extremas o si la reuni\u00f3n en persona viola las costumbres o pr\u00e1cticas sociales estrictas y arraigadas de la cultura del extranjero.<\/li>\n<\/ul>\n\t\t\t\t<img decoding=\"async\" src=\"https:\/\/wogwulaw.com\/wp-content\/uploads\/2021\/09\/cr1-spouse-visa-north-carolina.jpg\" alt=\"Closeup Hispanic couple smiling - for spousal visa information from Raleigh, North Carolina attorney Lisa Wogwu\" itemprop=\"image\" height=\"430\" width=\"332\" title=\"cr1-spouse-visa-north-carolina.\" onerror=\"this.style.display='none'\"  \/>\n\t<h2>El Proceso de Solicitud<\/h2>\n<p>El proceso de solicitud de visa CR1 involucra varios pasos, comenzando con la presentaci\u00f3n de una petici\u00f3n ante el Servicio de Ciudadan\u00eda e Inmigraci\u00f3n de los Estados Unidos (USCIS). Lo guiaremos a trav\u00e9s de cada fase, incluida la recopilaci\u00f3n de documentos, la asistencia a entrevistas y la preparaci\u00f3n para el procesamiento del consulado. Nuestro enfoque es hacer que este proceso sea lo m\u00e1s fluido y sin estr\u00e9s posible para usted y su c\u00f3nyuge.<\/p>\n<h2>Adaptarse a la Vida en los Estados Unidos Despu\u00e9s de la Aprobaci\u00f3n de la Visa<\/h2>\n<p>Una vez que se aprueba la visa CR1, su c\u00f3nyuge puede ingresar legalmente a los EE. UU. y comenzar su nueva vida con usted. Brindamos orientaci\u00f3n sobre los pr\u00f3ximos pasos, que incluyen solicitar un n\u00famero de Seguro Social, adaptarse a una nueva cultura y eventualmente solicitar la eliminaci\u00f3n de las condiciones de su residencia.<\/p>\n<h2>Contacte a un Abogado de Inmigraci\u00f3n con Experiencia<\/h2>\n<p>Embarcarse en el proceso de la visa CR1 puede ser desalentador, pero con el socio legal adecuado, se convierte en un viaje manejable y esperanzador. Ll\u00e1menos a Wogwu Law hoy mismo al <a href=\"tel:210-864-5214\">210-864-5214<\/a> o cont\u00e1ctenos <a href=\"https:\/\/wogwulaw.com\/contact\/\">en l\u00ednea<\/a> para programar una consulta con un abogado de inmigraci\u00f3n dedicado que atiende a clientes en todo el mundo. Nos comprometemos a guiarlo a trav\u00e9s de cada paso del proceso, asegur\u00e1ndonos de que usted y su c\u00f3nyuge puedan comenzar su nueva vida juntos en los Estados Unidos con confianza y tranquilidad.<\/p>\n<h1>\n\t\t\u00bfNecesita Representaci\u00f3n Legal?\n\t<\/h1>\n\t<p>Ayudamos a nuestros compa\u00f1eros inmigrantes a obtener su estatus legal para que puedan vivir sin miedo: hazlo bien desde la primera vez con un abogado de inmigraci\u00f3n experimentado. Nuestro equipo representa a clientes de inmigraci\u00f3n que viven en los cincuenta estados y en el extranjero.<\/p>\n\t\t\t<a href=\"https:\/\/calendly.com\/lisawogwu\" target=\"_blank\" rel=\"noopener\">\n\t\t\t\t\t\t\tPrograme una Consulta\n\t\t\t\t\t<\/a>\n\t<p>O Complete el Formulario<\/p>\n\t\n<div class=\"wpcf7 no-js\" id=\"wpcf7-f2363-o1\" lang=\"es-ES\" dir=\"ltr\" data-wpcf7-id=\"2363\">\n<div class=\"screen-reader-response\"><p role=\"status\" aria-live=\"polite\" aria-atomic=\"true\"><\/p> <ul><\/ul><\/div>\n<form action=\"\/es\/wp-json\/wp\/v2\/pages\/6975#wpcf7-f2363-o1\" method=\"post\" class=\"wpcf7-form init\" aria-label=\"Formulario de contacto\" novalidate=\"novalidate\" data-status=\"init\">\n<fieldset class=\"hidden-fields-container\"><input type=\"hidden\" name=\"_wpcf7\" value=\"2363\" \/><input type=\"hidden\" name=\"_wpcf7_version\" value=\"6.1.5\" \/><input type=\"hidden\" name=\"_wpcf7_locale\" value=\"es_ES\" \/><input type=\"hidden\" name=\"_wpcf7_unit_tag\" value=\"wpcf7-f2363-o1\" \/><input type=\"hidden\" name=\"_wpcf7_container_post\" value=\"0\" \/><input type=\"hidden\" name=\"_wpcf7_posted_data_hash\" value=\"\" \/>\n<\/fieldset>\n<p><span class=\"wpcf7-form-control-wrap\" data-name=\"your-name\"><input size=\"40\" maxlength=\"400\" class=\"wpcf7-form-control wpcf7-text wpcf7-validates-as-required\" autocomplete=\"name\" aria-required=\"true\" aria-invalid=\"false\" placeholder=\"Nombre y Apellido\" value=\"\" type=\"text\" name=\"your-name\" \/><\/span><span class=\"wpcf7-form-control-wrap\" data-name=\"your-phone\"><input size=\"40\" maxlength=\"400\" class=\"wpcf7-form-control wpcf7-text wpcf7-validates-as-required\" aria-required=\"true\" aria-invalid=\"false\" placeholder=\"N\u00famero de Tel\u00e9fono\" value=\"\" type=\"text\" name=\"your-phone\" \/><\/span><span class=\"wpcf7-form-control-wrap\" data-name=\"your-email\"><input size=\"40\" maxlength=\"400\" class=\"wpcf7-form-control wpcf7-email wpcf7-validates-as-required wpcf7-text wpcf7-validates-as-email\" autocomplete=\"email\" aria-required=\"true\" aria-invalid=\"false\" placeholder=\"Correo Electr\u00f3nico\" value=\"\" type=\"email\" name=\"your-email\" \/><\/span><span class=\"wpcf7-form-control-wrap\" data-name=\"your-message\"><textarea cols=\"40\" rows=\"10\" maxlength=\"2000\" class=\"wpcf7-form-control wpcf7-textarea wpcf7-validates-as-required\" aria-required=\"true\" aria-invalid=\"false\" placeholder=\"Ind\u00edquenos, por favor, cu\u00e1l es el tema que desea tratar.\" name=\"your-message\"><\/textarea><\/span><input class=\"wpcf7-form-control wpcf7-submit has-spinner\" type=\"submit\" value=\"Enviar\" \/>\n<\/p><p style=\"display: none !important;\" class=\"akismet-fields-container\" data-prefix=\"_wpcf7_ak_\"><label>&#916;<textarea name=\"_wpcf7_ak_hp_textarea\" cols=\"45\" rows=\"8\" maxlength=\"100\"><\/textarea><\/label><input type=\"hidden\" id=\"ak_js_1\" name=\"_wpcf7_ak_js\" value=\"230\"\/><script>document.getElementById( \"ak_js_1\" ).setAttribute( \"value\", ( new Date() ).getTime() );<\/script><\/p><input type='hidden' class='wpcf7-pum' value='{\"closepopup\":false,\"closedelay\":0,\"openpopup\":false,\"openpopup_id\":0}' \/><div class=\"wpcf7-response-output\" aria-hidden=\"true\"><\/div>\n<\/form>\n<\/div>\n\n\n","protected":false},"excerpt":{"rendered":"<p>Visas para C\u00f3nyuges &#8211; CR1 \u00bfQu\u00e9 es una Visa de C\u00f3nyuge CR1? La visa de c\u00f3nyuge CR1 (Residente Condicional) es un tipo de visa de inmigrante basada en la familia en los Estados Unidos. Est\u00e1 dise\u00f1ado espec\u00edficamente para los c\u00f3nyuges extranjeros de ciudadanos estadounidenses. La visa CR1 difiere de las visas de no inmigrante en&hellip;<\/p>\n","protected":false},"author":5,"featured_media":0,"parent":0,"menu_order":0,"comment_status":"closed","ping_status":"closed","template":"","meta":{"inline_featured_image":false,"footnotes":""},"class_list":["post-6975","page","type-page","status-publish","hentry"],"_links":{"self":[{"href":"https:\/\/wogwulaw.com\/es\/wp-json\/wp\/v2\/pages\/6975","targetHints":{"allow":["GET"]}}],"collection":[{"href":"https:\/\/wogwulaw.com\/es\/wp-json\/wp\/v2\/pages"}],"about":[{"href":"https:\/\/wogwulaw.com\/es\/wp-json\/wp\/v2\/types\/page"}],"author":[{"embeddable":true,"href":"https:\/\/wogwulaw.com\/es\/wp-json\/wp\/v2\/users\/5"}],"replies":[{"embeddable":true,"href":"https:\/\/wogwulaw.com\/es\/wp-json\/wp\/v2\/comments?post=6975"}],"version-history":[{"count":0,"href":"https:\/\/wogwulaw.com\/es\/wp-json\/wp\/v2\/pages\/6975\/revisions"}],"wp:attachment":[{"href":"https:\/\/wogwulaw.com\/es\/wp-json\/wp\/v2\/media?parent=6975"}],"curies":[{"name":"wp","href":"https:\/\/api.w.org\/{rel}","templated":true}]}}