{"id":7023,"date":"2021-07-20T14:47:15","date_gmt":"2021-07-20T18:47:15","guid":{"rendered":"https:\/\/wogwulaw.com\/abogados-de-inmigracion\/k1-fiancee-visa\/"},"modified":"2024-05-22T00:27:24","modified_gmt":"2024-05-22T04:27:24","slug":"visa-de-prometidoa-k-1","status":"publish","type":"page","link":"https:\/\/wogwulaw.com\/es\/abogados-de-inmigracion\/visa-de-prometidoa-k-1\/","title":{"rendered":"Visa de Prometido(a) (K-1)"},"content":{"rendered":"\n\n\t\t\t\t<img decoding=\"async\" src=\"https:\/\/wogwulaw.com\/wp-content\/uploads\/2021\/07\/k1-fiance-visa-raleigh-wake-county.jpg\" alt=\"Young black couple sitting outdoors and eating grapes - for information on K1 fiance visa in Raleigh, NC - Wake County\" itemprop=\"image\" height=\"635\" width=\"500\" title=\"k1-fiance-visa-raleigh-wake-county\" onerror=\"this.style.display='none'\"  \/>\n<h1>\n\t\tVisa de Prometido(a) (K-1)\n\t<\/h1>\n\t<p>La visa K-1 de prometido(a) es una visa de no inmigrante dise\u00f1ada para el prometido(a) extranjero(a) de un ciudadano(a) estadounidense. Esta visa le permite al prometido(a) extranjero(a) viajar a los EE. UU. y casarse con su patrocinador ciudadano estadounidense dentro de los 90 d\u00edas posteriores a su llegada. A continuaci\u00f3n, se ofrece un resumen del proceso y los requisitos para obtener una visa K-1:<\/p>\n<h2>Criterios de Elegibilidad<\/h2>\n<ul>\n<li>Ciudadan\u00eda Estadounidense: El patrocinador debe ser ciudadano estadounidense.<\/li>\n<li>Planes de Matrimonio: La pareja debe tener la intenci\u00f3n de casarse dentro de los 90 d\u00edas posteriores a la llegada del prometido(a) a los EE. UU.<\/li>\n<li>Libertad Legal para Casarse: Ambas partes deben ser legalmente libres para casarse (es decir, solteros, divorciados o viudos).<\/li>\n<li>Requisito de Reuni\u00f3n: La pareja debe haberse reunido en persona al menos una vez dentro de los dos a\u00f1os anteriores a la solicitud de la visa. Se pueden hacer excepciones si reunirse en persona viola costumbres culturales estrictas o si causar\u00eda dificultades extremas al patrocinador ciudadano estadounidense.<\/li>\n<\/ul>\n<h2>Proceso de Solicitud<\/h2>\n<ul>\n<li><b>Formulario I-129F:<\/b> El patrocinador ciudadano estadounidense debe presentar el Formulario I-129F, Petici\u00f3n de Prometido(a) Extranjero(a), ante el Servicio de Ciudadan\u00eda e Inmigraci\u00f3n de los Estados Unidos (USCIS).<\/li>\n<li><b>Presentaci\u00f3n de Evidencias: <\/b>Presentar evidencia de la relaci\u00f3n, incluida la prueba de haberse reunido en persona dentro del per\u00edodo requerido.<\/li>\n<li><b>USCIS aprueba la solicitud:<\/b> Una vez que USCIS revise y apruebe la solicitud I-129F, la solicitud se enviar\u00e1 al Centro Nacional de Visas (NVC) para su procesamiento.<\/li>\n<li><b>El NVC la env\u00eda a la Embajada o Consulado de EE. UU.: <\/b>Una vez asignada a una Embajada de EE. UU. en el pa\u00eds del prometido(a), la solicitud se revisa nuevamente y se procesa para una entrevista.<\/li>\n<li><b>Datos Biom\u00e9tricos y Verificaci\u00f3n de Antecedentes: <\/b>El prometido(a) extranjero(a) puede necesitar una cita de datos biom\u00e9tricos para verificaciones de antecedentes.<\/li>\n<li><b>Entrevista: <\/b>Despu\u00e9s de la aprobaci\u00f3n del I-129F, el prometido(a) ser\u00e1 invitado a una entrevista de visa en una embajada o consulado de EE. UU. en su pa\u00eds de origen.<\/li>\n<\/ul>\n<h2>Costos<\/h2>\n<p>La tarifa de presentaci\u00f3n del Formulario I-129F es de $535 a partir de 2023. Los costos adicionales pueden incluir una tarifa de datos biom\u00e9tricos y cargos por obtener los documentos necesarios y los ex\u00e1menes m\u00e9dicos.<\/p>\n<h2>Despu\u00e9s de Llegar a los Estados Unidos<\/h2>\n<p>Una vez que el prometido(a) extranjero(a) llega a los Estados Unidos con una visa K-1, hay pasos y requisitos espec\u00edficos que se deben seguir para garantizar el cumplimiento de las leyes de inmigraci\u00f3n de los Estados Unidos. Detallemos estos pasos a continuaci\u00f3n:<\/p>\n<h2>Matrimonio Dentro de los 90 D\u00edas<\/h2>\n<ul>\n<li>Requisito: La condici\u00f3n principal de la visa K-1 es que la pareja debe casarse legalmente dentro de los 90 d\u00edas posteriores a la entrada del prometido(a) a los EE. UU.<\/li>\n<li>Matrimonio Legal: El matrimonio debe ser reconocido como legalmente v\u00e1lido en el estado donde ocurre. Esto significa obtener una licencia de matrimonio y seguir las leyes de matrimonio del estado.<\/li>\n<li>Prueba de Matrimonio: Despu\u00e9s de la boda, la pareja debe obtener una copia certificada del acta de matrimonio, que sirve como prueba de matrimonio para el proceso de ajuste de estatus.<\/li>\n<\/ul>\n\t\t\t\t<img decoding=\"async\" src=\"https:\/\/wogwulaw.com\/wp-content\/uploads\/2021\/07\/k1-fiance-visa-north-carolina.jpg\" alt=\"Middle-aged Hispanic couple outdoors - for information on K1 fiance visa in Raleigh, NC - Wake County\" itemprop=\"image\" height=\"531\" width=\"350\" title=\"k1-fiance-visa-north-carolina\" onerror=\"this.style.display='none'\"  \/>\n\t<h2>Ajuste de Estatus (AoS) &#8211; Solicitar una Green Card<\/h2>\n<p>Despu\u00e9s del matrimonio, el siguiente paso importante es que el c\u00f3nyuge extranjero solicite un Ajuste de Estatus (AoS) para convertirse en residente permanente legal.<\/p>\n<ul>\n<li><b>Presentaci\u00f3n de la Solicitud AoS:<\/b>\n<ul>\n<li>El c\u00f3nyuge extranjero presenta el Formulario I-485 (Solicitud para Registrar Residencia Permanente o Ajustar Estatus) ante el Servicio de Ciudadan\u00eda e Inmigraci\u00f3n de los Estados Unidos (USCIS).<\/li>\n<li>Lo ideal es que esta solicitud se presente poco despu\u00e9s del matrimonio, especialmente antes de que venza el per\u00edodo de 90 d\u00edas de la visa K-1.<\/li>\n<\/ul>\n<\/li>\n<li><b>Documentaci\u00f3n Requerida:<\/b>\n<ul>\n<li>La solicitud generalmente requiere varios documentos, incluyendo:<\/li>\n<li>Certificado de matrimonio<\/li>\n<li>Certificados de nacimiento<\/li>\n<li>Fotos estilo pasaporte<\/li>\n<li>Evidencia de la capacidad del c\u00f3nyuge ciudadano estadounidense para mantener econ\u00f3micamente al c\u00f3nyuge extranjero (generalmente a trav\u00e9s del Formulario I-864, Declaraci\u00f3n de Juramento de Sostenimiento Econ\u00f3mico)<\/li>\n<li>El c\u00f3nyuge extranjero tambi\u00e9n debe someterse a un examen m\u00e9dico por un doctor aprobado por USCIS si a\u00fan no lo ha hecho en el \u00faltimo a\u00f1o.<\/li>\n<\/ul>\n<\/li>\n<li><b>Cita para Biometr\u00eda:<\/b>\n<ul>\n<li>Despu\u00e9s de enviar la solicitud AoS, se programar\u00e1 una cita para biometr\u00eda del c\u00f3nyuge extranjero. En esta cita se tomar\u00e1n huellas dactilares, una fotograf\u00eda y una firma para realizar verificaciones de antecedentes y seguridad.<\/li>\n<\/ul>\n<\/li>\n<li><b>Entrevista:<\/b>\n<ul>\n<li>La pareja puede ser requerida para asistir a una entrevista con un oficial de USCIS. Esta entrevista sirve para verificar la autenticidad del matrimonio y revisar la solicitud AoS.<\/li>\n<li>La pareja debe llevar documentaci\u00f3n a la entrevista, incluyendo registros financieros, fotograf\u00edas y otras pruebas de que su matrimonio es genuino.<\/li>\n<\/ul>\n<\/li>\n<li><b>Aprobaci\u00f3n y Emisi\u00f3n de la Green Card:<\/b>\n<ul>\n<li>Si se aprueba la solicitud AoS, se le otorgar\u00e1 al c\u00f3nyuge extranjero el estatus de residente permanente legal y recibir\u00e1 una Green Card.<\/li>\n<li>La Green Card inicial es condicional y tiene una validez de dos a\u00f1os. La pareja debe solicitar la eliminaci\u00f3n de las condiciones de la Green Card dentro de los 90 d\u00edas anteriores al segundo aniversario de la emisi\u00f3n de la Green Card.<\/li>\n<\/ul>\n<\/li>\n<\/ul>\n<h2>Si el Prometido(a) Tiene Hijos<\/h2>\n<p>Los hijos solteros menores de 21 a\u00f1os del prometido(a) pueden incluirse en la solicitud de visa K-1 y pueden recibir una visa K-2.<\/p>\n<h2>Cont\u00e1ctenos Wogwu Law<\/h2>\n<p>Si est\u00e1 considerando solicitar una visa K-1 para prometido(a) y necesita asesor\u00eda legal con experiencia, Wogwu Law en San Antonio est\u00e1 aqu\u00ed para ayudarlo. Nuestro equipo experimentado est\u00e1 dedicado a ayudar a las parejas a atravesar las complejidades de la ley de inmigraci\u00f3n con paciencia y precisi\u00f3n. No permita que las complejidades del proceso de visa lo abrumen. Contacte a Wogwu Law hoy mismo al <a href=\"tel:210-864-5214\">210-864-5214<\/a> o <a href=\"https:\/\/wogwulaw.com\/contact\/\">en l\u00ednea<\/a> para una consulta integral y d\u00e9 el primer paso para acercar a su prometido(a).<\/p>\n<h1>\n\t\t\u00bfNecesita Representaci\u00f3n Legal?\n\t<\/h1>\n\t<p>Ayudamos a nuestros compa\u00f1eros inmigrantes a obtener su estatus legal para que puedan vivir sin miedo: hazlo bien desde la primera vez con un abogado de inmigraci\u00f3n experimentado. Nuestro equipo representa a clientes de inmigraci\u00f3n que viven en los cincuenta estados y en el extranjero.<\/p>\n\t\t\t<a href=\"https:\/\/calendly.com\/lisawogwu\" target=\"_blank\" rel=\"noopener\">\n\t\t\t\t\t\t\tPrograme una Consulta\n\t\t\t\t\t<\/a>\n\t<p>O Complete el Formulario<\/p>\n\t\n<div class=\"wpcf7 no-js\" id=\"wpcf7-f2363-o1\" lang=\"es-ES\" dir=\"ltr\" data-wpcf7-id=\"2363\">\n<div class=\"screen-reader-response\"><p role=\"status\" aria-live=\"polite\" aria-atomic=\"true\"><\/p> <ul><\/ul><\/div>\n<form action=\"\/es\/wp-json\/wp\/v2\/pages\/7023#wpcf7-f2363-o1\" method=\"post\" class=\"wpcf7-form init\" aria-label=\"Formulario de contacto\" novalidate=\"novalidate\" data-status=\"init\">\n<fieldset class=\"hidden-fields-container\"><input type=\"hidden\" name=\"_wpcf7\" value=\"2363\" \/><input type=\"hidden\" name=\"_wpcf7_version\" value=\"6.1.5\" \/><input type=\"hidden\" name=\"_wpcf7_locale\" value=\"es_ES\" \/><input type=\"hidden\" name=\"_wpcf7_unit_tag\" value=\"wpcf7-f2363-o1\" \/><input type=\"hidden\" name=\"_wpcf7_container_post\" value=\"0\" \/><input type=\"hidden\" name=\"_wpcf7_posted_data_hash\" value=\"\" \/>\n<\/fieldset>\n<p><span class=\"wpcf7-form-control-wrap\" data-name=\"your-name\"><input size=\"40\" maxlength=\"400\" class=\"wpcf7-form-control wpcf7-text wpcf7-validates-as-required\" autocomplete=\"name\" aria-required=\"true\" aria-invalid=\"false\" placeholder=\"Nombre y Apellido\" value=\"\" type=\"text\" name=\"your-name\" \/><\/span><span class=\"wpcf7-form-control-wrap\" data-name=\"your-phone\"><input size=\"40\" maxlength=\"400\" class=\"wpcf7-form-control wpcf7-text wpcf7-validates-as-required\" aria-required=\"true\" aria-invalid=\"false\" placeholder=\"N\u00famero de Tel\u00e9fono\" value=\"\" type=\"text\" name=\"your-phone\" \/><\/span><span class=\"wpcf7-form-control-wrap\" data-name=\"your-email\"><input size=\"40\" maxlength=\"400\" class=\"wpcf7-form-control wpcf7-email wpcf7-validates-as-required wpcf7-text wpcf7-validates-as-email\" autocomplete=\"email\" aria-required=\"true\" aria-invalid=\"false\" placeholder=\"Correo Electr\u00f3nico\" value=\"\" type=\"email\" name=\"your-email\" \/><\/span><span class=\"wpcf7-form-control-wrap\" data-name=\"your-message\"><textarea cols=\"40\" rows=\"10\" maxlength=\"2000\" class=\"wpcf7-form-control wpcf7-textarea wpcf7-validates-as-required\" aria-required=\"true\" aria-invalid=\"false\" placeholder=\"Ind\u00edquenos, por favor, cu\u00e1l es el tema que desea tratar.\" name=\"your-message\"><\/textarea><\/span><input class=\"wpcf7-form-control wpcf7-submit has-spinner\" type=\"submit\" value=\"Enviar\" \/>\n<\/p><p style=\"display: none !important;\" class=\"akismet-fields-container\" data-prefix=\"_wpcf7_ak_\"><label>&#916;<textarea name=\"_wpcf7_ak_hp_textarea\" cols=\"45\" rows=\"8\" maxlength=\"100\"><\/textarea><\/label><input type=\"hidden\" id=\"ak_js_1\" name=\"_wpcf7_ak_js\" value=\"236\"\/><script>document.getElementById( \"ak_js_1\" ).setAttribute( \"value\", ( new Date() ).getTime() );<\/script><\/p><input type='hidden' class='wpcf7-pum' value='{\"closepopup\":false,\"closedelay\":0,\"openpopup\":false,\"openpopup_id\":0}' \/><div class=\"wpcf7-response-output\" aria-hidden=\"true\"><\/div>\n<\/form>\n<\/div>\n\n\n","protected":false},"excerpt":{"rendered":"<p>Visa de Prometido(a) (K-1) La visa K-1 de prometido(a) es una visa de no inmigrante dise\u00f1ada para el prometido(a) extranjero(a) de un ciudadano(a) estadounidense. Esta visa le permite al prometido(a) extranjero(a) viajar a los EE. UU. y casarse con su patrocinador ciudadano estadounidense dentro de los 90 d\u00edas posteriores a su llegada. A continuaci\u00f3n, se&hellip;<\/p>\n","protected":false},"author":2,"featured_media":0,"parent":2344,"menu_order":0,"comment_status":"closed","ping_status":"closed","template":"","meta":{"inline_featured_image":false,"footnotes":""},"class_list":["post-7023","page","type-page","status-publish","hentry"],"_links":{"self":[{"href":"https:\/\/wogwulaw.com\/es\/wp-json\/wp\/v2\/pages\/7023","targetHints":{"allow":["GET"]}}],"collection":[{"href":"https:\/\/wogwulaw.com\/es\/wp-json\/wp\/v2\/pages"}],"about":[{"href":"https:\/\/wogwulaw.com\/es\/wp-json\/wp\/v2\/types\/page"}],"author":[{"embeddable":true,"href":"https:\/\/wogwulaw.com\/es\/wp-json\/wp\/v2\/users\/2"}],"replies":[{"embeddable":true,"href":"https:\/\/wogwulaw.com\/es\/wp-json\/wp\/v2\/comments?post=7023"}],"version-history":[{"count":0,"href":"https:\/\/wogwulaw.com\/es\/wp-json\/wp\/v2\/pages\/7023\/revisions"}],"up":[{"embeddable":true,"href":"https:\/\/wogwulaw.com\/es\/wp-json\/wp\/v2\/pages\/2344"}],"wp:attachment":[{"href":"https:\/\/wogwulaw.com\/es\/wp-json\/wp\/v2\/media?parent=7023"}],"curies":[{"name":"wp","href":"https:\/\/api.w.org\/{rel}","templated":true}]}}