{"id":7030,"date":"2021-07-21T10:54:50","date_gmt":"2021-07-21T14:54:50","guid":{"rendered":"https:\/\/wogwulaw.com\/abogados-de-inmigracion\/citizenship-and-naturalization\/"},"modified":"2024-05-29T00:47:04","modified_gmt":"2024-05-29T04:47:04","slug":"abogado-de-ciudadania-y-naturalizacion","status":"publish","type":"page","link":"https:\/\/wogwulaw.com\/es\/abogados-de-inmigracion\/abogado-de-ciudadania-y-naturalizacion\/","title":{"rendered":"Abogado de Ciudadan\u00eda y Naturalizaci\u00f3n"},"content":{"rendered":"\n\n\t\t\t\t<img decoding=\"async\" src=\"https:\/\/wogwulaw.com\/wp-content\/uploads\/2021\/07\/citizenship-naturalization-raleigh-nc.jpg\" alt=\"Middle-aged Asian Mom and daughter hugging - for naturaliztaion info from Raleigh Attorney Lisa Wogwu\" itemprop=\"image\" height=\"604\" width=\"500\" title=\"citizenship-naturalization-raleigh-nc\" onerror=\"this.style.display='none'\"  \/>\n<h1>\n\t\tAbogado de Ciudadan\u00eda y Naturalizaci\u00f3n\n\t<\/h1>\n\t<p>Convertirse en ciudadano estadounidense ampl\u00eda sus derechos y privilegios como residente permanente. En San Antonio, Wogwu Law lo asistir\u00e1, paso a paso, mientras solicita la ciudadan\u00eda estadounidense a trav\u00e9s del proceso de naturalizaci\u00f3n. No puede controlar cu\u00e1ndo el Servicio de Ciudadan\u00eda e Inmigraci\u00f3n de los Estados Unidos (USCIS) aprueba su solicitud. Pero Wogwu Law puede identificar problemas que podr\u00edan causar demoras y ayudarlo a minimizarlos o evitarlos. Entonces, \u00bfqu\u00e9 puede esperar a lo largo del proceso de naturalizaci\u00f3n?<\/p>\n<h2>Ciudadan\u00eda y Naturalizaci\u00f3n<\/h2>\n<p>Puede solicitar la ciudadan\u00eda estadounidense completando el proceso de naturalizaci\u00f3n. Solicitar la ciudadan\u00eda estadounidense es un paso esencial para desbloquear los beneficios y responsabilidades de vivir en el pa\u00eds. Pero debe calificar para presentar la solicitud.<\/p>\n<h2>\u00bfEs usted elegible para solicitar la ciudadan\u00eda?<\/h2>\n<p>Es probable que sea elegible para solicitar la ciudadan\u00eda si cumple con estos requisitos:<\/p>\n<ul>\n<li>Tiene al menos 18 a\u00f1os de edad<\/li>\n<li>Es residente permanente de EE. UU. (titular de la Green Card) durante al menos los \u00faltimos cinco a\u00f1os. Y no ha estado fuera de los EE. UU. por m\u00e1s de 30 meses en los \u00faltimos cinco a\u00f1os.<\/li>\n<li>Ha vivido en el mismo estado de EE. UU. al menos tres meses antes de completar el Formulario N-400, Solicitud de Naturalizaci\u00f3n<\/li>\n<li>Tiene buen car\u00e1cter moral y cumple con sus obligaciones legales<\/li>\n<li>Puede hablar, leer y escribir en ingl\u00e9s<\/li>\n<li>Conoce los conceptos b\u00e1sicos de la historia y el gobierno de EE. UU.<\/li>\n<\/ul>\n<p>Consulte nuestra p\u00e1gina de la Green Card para obtener detalles sobre c\u00f3mo solicitar la residencia permanente.<\/p>\n<h2>\u00bfCu\u00e1nto tiempo se tarda en convertirse en ciudadano estadounidense?<\/h2>\n<p>El proceso completo para convertirse en ciudadano estadounidense toma de 12 a 18 meses despu\u00e9s de completar su solicitud de naturalizaci\u00f3n. Y el tiempo promedio es de 15 meses. Pero cada persona tiene circunstancias \u00fanicas que pueden afectar el tiempo de procesamiento.<\/p>\n\t\t\t\t<img decoding=\"async\" src=\"https:\/\/wogwulaw.com\/wp-content\/uploads\/2021\/07\/citzenship-naturalization-raleigh-nc-attorney.jpg\" alt=\"Black-and-white photo of African man - for citizenship and naturalization info from Wogwu Law of Raleigh\" itemprop=\"image\" height=\"666\" width=\"500\" title=\"citzenship-naturalization-raleigh-nc-attorney\" onerror=\"this.style.display='none'\"  \/>\n\t<h2>\u00bfCu\u00e1les son los pasos del proceso de naturalizaci\u00f3n?<\/h2>\n<p>Los pasos del proceso de naturalizaci\u00f3n comienzan con la verificaci\u00f3n de su elegibilidad para presentar la solicitud. A continuaci\u00f3n, debe completar y enviar el Formulario N-400, Solicitud de Naturalizaci\u00f3n y esperar una decisi\u00f3n. Y si lo aprueban, debe asistir a una ceremonia de juramento. Le explicaremos qu\u00e9 se incluye en cada paso y qu\u00e9 puede hacer si el Servicio de Ciudadan\u00eda e Inmigraci\u00f3n de los Estados Unidos (USCIS) deniega su solicitud.<\/p>\n<h2>1. Solicitud De Ciudadan\u00eda Estadounidense<\/h2>\n<p>Puede solicitar la ciudadan\u00eda en l\u00ednea completando la Solicitud de Naturalizaci\u00f3n &#8211; Formulario N-400. O puede imprimir y enviar los formularios por correo. Pero primero lea las instrucciones y la lista de verificaci\u00f3n de documentos. Le ayudaremos a comprender qu\u00e9 documentos justificativos necesita para completar el formulario.<\/p>\n<h3>\u00bfCu\u00e1l Es La Tarifa De Solicitud De Ciudadan\u00eda?<\/h3>\n<p>En 2021, la tarifa de presentaci\u00f3n del N-400 es de $640. Pero puede incurrir en otros gastos. Utilice la calculadora de tarifas de USCIS para determinar su costo.<\/p>\n<h2>2. Asistir A Una Cita De Servicios Biom\u00e9tricos<\/h2>\n<p>Una cita de servicios biom\u00e9tricos es el proceso de recopilar informaci\u00f3n sobre usted para una verificaci\u00f3n de antecedentes. El USCIS requiere una cita de biometr\u00eda para algunos solicitantes. Durante la cita, un representante local del Centro de Soporte de Aplicaciones completar\u00e1 estos pasos:<\/p>\n<ul>\n<li>Registre sus huellas dactilares<\/li>\n<li>Tome su fotograf\u00eda<\/li>\n<li>Solicite su firma<\/li>\n<\/ul>\n<h2>3. Completar Una Entrevista De Naturalizaci\u00f3n<\/h2>\n<p>Durante su entrevista de naturalizaci\u00f3n, responder\u00e1 preguntas sobre su Solicitud de Naturalizaci\u00f3n, tomar\u00e1 un examen de ingl\u00e9s, un examen de conocimientos c\u00edvicos sobre la historia y el gobierno de EE. UU.<\/p>\n<h2>4. Esperando Una Decisi\u00f3n De Uscis<\/h2>\n<p>El USCIS le enviar\u00e1 una notificaci\u00f3n por escrito sobre si aprobaron o denegaron su Solicitud de Naturalizaci\u00f3n. Si el USCIS deniega su solicitud, puede solicitar una audiencia de apelaci\u00f3n. Pero debe hacerlo dentro de los 30 d\u00edas posteriores a la decisi\u00f3n.<\/p>\n<h2>5. Asistir A Una Ceremonia De Juramento<\/h2>\n<p>Debe asistir a una ceremonia de juramento y prestar el Juramento de Lealtad como ciudadano estadounidense. El USCIS programar\u00e1 la ceremonia y entregar\u00e1 su Tarjeta de Residente Permanente (Green Card) para recibir su Certificado de Naturalizaci\u00f3n.<\/p>\n<h2>\u00bfC\u00f3mo Puede Ayudarlo Un Abogado De Naturalizaci\u00f3n?<\/h2>\n<p>Un abogado de naturalizaci\u00f3n puede guiarlo a trav\u00e9s del proceso, anticipar problemas que puedan demorar su solicitud y minimizar las complicaciones. Wogwu Law de San Antonio simplifica el proceso de ciudadan\u00eda y naturalizaci\u00f3n para usted de varias maneras:<\/p>\n<ul>\n<li>Lo gu\u00eda a trav\u00e9s de todo el proceso de naturalizaci\u00f3n<\/li>\n<li>Lo asesora y orienta para completar el Formulario N-400, Solicitud de Naturalizaci\u00f3n<\/li>\n<li>Se asegura de que incluya los documentos justificativos requeridos con su solicitud<\/li>\n<li>Lo asesora mientras se prepara para el examen de naturalizaci\u00f3n<\/li>\n<li>Lo representa durante la entrevista de naturalizaci\u00f3n<\/li>\n<li>Le brinda apoyo legal y ayuda a proteger sus derechos si el USCIS deniega su solicitud<\/li>\n<\/ul>\n<p>El USCIS puede denegar una solicitud por diversas razones. Pero la representaci\u00f3n legal puede prevenir demoras, complicaciones y procedimientos de deportaci\u00f3n.<\/p>\n<h1>\n\t\t\u00bfNecesita Representaci\u00f3n Legal?\n\t<\/h1>\n\t<p>Ayudamos a nuestros compa\u00f1eros inmigrantes a obtener su estatus legal para que puedan vivir sin miedo: hazlo bien desde la primera vez con un abogado de inmigraci\u00f3n experimentado. Nuestro equipo representa a clientes de inmigraci\u00f3n que viven en los cincuenta estados y en el extranjero.<\/p>\n\t\t\t<a href=\"https:\/\/calendly.com\/lisawogwu\" target=\"_blank\" rel=\"noopener\">\n\t\t\t\t\t\t\tPrograme una Consulta\n\t\t\t\t\t<\/a>\n\t<p>O Complete el Formulario<\/p>\n\t\n<div class=\"wpcf7 no-js\" id=\"wpcf7-f2363-o1\" lang=\"es-ES\" dir=\"ltr\" data-wpcf7-id=\"2363\">\n<div class=\"screen-reader-response\"><p role=\"status\" aria-live=\"polite\" aria-atomic=\"true\"><\/p> <ul><\/ul><\/div>\n<form action=\"\/es\/wp-json\/wp\/v2\/pages\/7030#wpcf7-f2363-o1\" method=\"post\" class=\"wpcf7-form init\" aria-label=\"Formulario de contacto\" novalidate=\"novalidate\" data-status=\"init\">\n<fieldset class=\"hidden-fields-container\"><input type=\"hidden\" name=\"_wpcf7\" value=\"2363\" \/><input type=\"hidden\" name=\"_wpcf7_version\" value=\"6.1.5\" \/><input type=\"hidden\" name=\"_wpcf7_locale\" value=\"es_ES\" \/><input type=\"hidden\" name=\"_wpcf7_unit_tag\" value=\"wpcf7-f2363-o1\" \/><input type=\"hidden\" name=\"_wpcf7_container_post\" value=\"0\" \/><input type=\"hidden\" name=\"_wpcf7_posted_data_hash\" value=\"\" \/>\n<\/fieldset>\n<p><span class=\"wpcf7-form-control-wrap\" data-name=\"your-name\"><input size=\"40\" maxlength=\"400\" class=\"wpcf7-form-control wpcf7-text wpcf7-validates-as-required\" autocomplete=\"name\" aria-required=\"true\" aria-invalid=\"false\" placeholder=\"Nombre y Apellido\" value=\"\" type=\"text\" name=\"your-name\" \/><\/span><span class=\"wpcf7-form-control-wrap\" data-name=\"your-phone\"><input size=\"40\" maxlength=\"400\" class=\"wpcf7-form-control wpcf7-text wpcf7-validates-as-required\" aria-required=\"true\" aria-invalid=\"false\" placeholder=\"N\u00famero de Tel\u00e9fono\" value=\"\" type=\"text\" name=\"your-phone\" \/><\/span><span class=\"wpcf7-form-control-wrap\" data-name=\"your-email\"><input size=\"40\" maxlength=\"400\" class=\"wpcf7-form-control wpcf7-email wpcf7-validates-as-required wpcf7-text wpcf7-validates-as-email\" autocomplete=\"email\" aria-required=\"true\" aria-invalid=\"false\" placeholder=\"Correo Electr\u00f3nico\" value=\"\" type=\"email\" name=\"your-email\" \/><\/span><span class=\"wpcf7-form-control-wrap\" data-name=\"your-message\"><textarea cols=\"40\" rows=\"10\" maxlength=\"2000\" class=\"wpcf7-form-control wpcf7-textarea wpcf7-validates-as-required\" aria-required=\"true\" aria-invalid=\"false\" placeholder=\"Ind\u00edquenos, por favor, cu\u00e1l es el tema que desea tratar.\" name=\"your-message\"><\/textarea><\/span><input class=\"wpcf7-form-control wpcf7-submit has-spinner\" type=\"submit\" value=\"Enviar\" \/>\n<\/p><p style=\"display: none !important;\" class=\"akismet-fields-container\" data-prefix=\"_wpcf7_ak_\"><label>&#916;<textarea name=\"_wpcf7_ak_hp_textarea\" cols=\"45\" rows=\"8\" maxlength=\"100\"><\/textarea><\/label><input type=\"hidden\" id=\"ak_js_1\" name=\"_wpcf7_ak_js\" value=\"67\"\/><script>document.getElementById( \"ak_js_1\" ).setAttribute( \"value\", ( new Date() ).getTime() );<\/script><\/p><input type='hidden' class='wpcf7-pum' value='{\"closepopup\":false,\"closedelay\":0,\"openpopup\":false,\"openpopup_id\":0}' \/><div class=\"wpcf7-response-output\" aria-hidden=\"true\"><\/div>\n<\/form>\n<\/div>\n\n\n","protected":false},"excerpt":{"rendered":"<p>Abogado de Ciudadan\u00eda y Naturalizaci\u00f3n Convertirse en ciudadano estadounidense ampl\u00eda sus derechos y privilegios como residente permanente. En San Antonio, Wogwu Law lo asistir\u00e1, paso a paso, mientras solicita la ciudadan\u00eda estadounidense a trav\u00e9s del proceso de naturalizaci\u00f3n. No puede controlar cu\u00e1ndo el Servicio de Ciudadan\u00eda e Inmigraci\u00f3n de los Estados Unidos (USCIS) aprueba su&hellip;<\/p>\n","protected":false},"author":2,"featured_media":0,"parent":2344,"menu_order":0,"comment_status":"closed","ping_status":"closed","template":"","meta":{"inline_featured_image":false,"footnotes":""},"class_list":["post-7030","page","type-page","status-publish","hentry"],"_links":{"self":[{"href":"https:\/\/wogwulaw.com\/es\/wp-json\/wp\/v2\/pages\/7030","targetHints":{"allow":["GET"]}}],"collection":[{"href":"https:\/\/wogwulaw.com\/es\/wp-json\/wp\/v2\/pages"}],"about":[{"href":"https:\/\/wogwulaw.com\/es\/wp-json\/wp\/v2\/types\/page"}],"author":[{"embeddable":true,"href":"https:\/\/wogwulaw.com\/es\/wp-json\/wp\/v2\/users\/2"}],"replies":[{"embeddable":true,"href":"https:\/\/wogwulaw.com\/es\/wp-json\/wp\/v2\/comments?post=7030"}],"version-history":[{"count":0,"href":"https:\/\/wogwulaw.com\/es\/wp-json\/wp\/v2\/pages\/7030\/revisions"}],"up":[{"embeddable":true,"href":"https:\/\/wogwulaw.com\/es\/wp-json\/wp\/v2\/pages\/2344"}],"wp:attachment":[{"href":"https:\/\/wogwulaw.com\/es\/wp-json\/wp\/v2\/media?parent=7030"}],"curies":[{"name":"wp","href":"https:\/\/api.w.org\/{rel}","templated":true}]}}